{"id":7606,"date":"2016-09-13T11:00:02","date_gmt":"2016-09-13T09:00:02","guid":{"rendered":"http:\/\/wordpress.p368333.webspaceconfig.de\/es\/pflege-therapie\/"},"modified":"2016-12-06T07:32:59","modified_gmt":"2016-12-06T06:32:59","slug":"pflege-therapie","status":"publish","type":"page","link":"https:\/\/www.ecksberg.de\/es\/pflege-therapie\/","title":{"rendered":"Pflege &#038; Therapie"},"content":{"rendered":"<section class=\"l-section wpb_row height_medium\"><div class=\"l-section-h i-cf\"><div class=\"g-cols vc_row via_grid cols_1 laptops-cols_inherit tablets-cols_inherit mobiles-cols_1 valign_top type_default stacking_default\"><div class=\"wpb_column vc_column_container\"><div class=\"vc_column-inner\"><div class=\"wpb_text_column\"><div class=\"wpb_wrapper\"><h6>Wir halten unser Wissen \u00fcber gute Pflege auf dem neuesten Stand.<\/h6>\n<h6>Wir nehmen uns Zeit f\u00fcr grundlegende Bed\u00fcrfnisse.<\/h6>\n<h6>Wir arbeiten gezielt mit Therapeuten zusammen.<\/h6>\n<\/div><\/div><\/div><\/div><\/div><\/div><\/section>\n","protected":false},"excerpt":{"rendered":"Wir halten unser Wissen \u00fcber gute Pflege auf dem neuesten Stand. Wir nehmen uns Zeit f\u00fcr grundlegende Bed\u00fcrfnisse. Wir arbeiten gezielt mit Therapeuten zusammen.","protected":false},"author":2,"featured_media":0,"parent":0,"menu_order":600,"comment_status":"closed","ping_status":"closed","template":"","meta":{"_acf_changed":false,"footnotes":""},"class_list":["post-7606","page","type-page","status-publish","hentry"],"acf":[],"yoast_head":"<!-- This site is optimized with the Yoast SEO plugin v26.5 - https:\/\/yoast.com\/wordpress\/plugins\/seo\/ -->\n<title>Pflege &amp; Therapie - Stiftung Ecksberg<\/title>\n<meta name=\"robots\" content=\"index, follow, max-snippet:-1, max-image-preview:large, max-video-preview:-1\" \/>\n<link rel=\"canonical\" href=\"https:\/\/www.ecksberg.de\/es\/pflege-therapie\/\" \/>\n<meta property=\"og:locale\" content=\"en_US\" \/>\n<meta property=\"og:type\" content=\"article\" \/>\n<meta property=\"og:title\" content=\"Pflege &amp; Therapie - Stiftung Ecksberg\" \/>\n<meta property=\"og:url\" content=\"https:\/\/www.ecksberg.de\/es\/pflege-therapie\/\" \/>\n<meta property=\"og:site_name\" content=\"Stiftung Ecksberg\" \/>\n<meta property=\"article:modified_time\" content=\"2016-12-06T06:32:59+00:00\" \/>\n<meta name=\"twitter:card\" content=\"summary_large_image\" \/>\n<script type=\"application\/ld+json\" class=\"yoast-schema-graph\">{\"@context\":\"https:\/\/schema.org\",\"@graph\":[{\"@type\":\"WebPage\",\"@id\":\"https:\/\/www.ecksberg.de\/es\/pflege-therapie\/\",\"url\":\"https:\/\/www.ecksberg.de\/es\/pflege-therapie\/\",\"name\":\"Pflege & Therapie - Stiftung Ecksberg\",\"isPartOf\":{\"@id\":\"https:\/\/www.ecksberg.de\/es\/#website\"},\"datePublished\":\"2016-09-13T09:00:02+00:00\",\"dateModified\":\"2016-12-06T06:32:59+00:00\",\"breadcrumb\":{\"@id\":\"https:\/\/www.ecksberg.de\/es\/pflege-therapie\/#breadcrumb\"},\"inLanguage\":\"eisp\",\"potentialAction\":[{\"@type\":\"ReadAction\",\"target\":[\"https:\/\/www.ecksberg.de\/es\/pflege-therapie\/\"]}]},{\"@type\":\"BreadcrumbList\",\"@id\":\"https:\/\/www.ecksberg.de\/es\/pflege-therapie\/#breadcrumb\",\"itemListElement\":[{\"@type\":\"ListItem\",\"position\":1,\"name\":\"Home\",\"item\":\"https:\/\/www.ecksberg.de\/es\/?page_id=29896\"},{\"@type\":\"ListItem\",\"position\":2,\"name\":\"Pflege &#038; Therapie\"}]},{\"@type\":\"WebSite\",\"@id\":\"https:\/\/www.ecksberg.de\/es\/#website\",\"url\":\"https:\/\/www.ecksberg.de\/es\/\",\"name\":\"Stiftung Ecksberg\",\"description\":\"Tr\u00e4ger sozialer Einrichtungen und Dienste\",\"potentialAction\":[{\"@type\":\"SearchAction\",\"target\":{\"@type\":\"EntryPoint\",\"urlTemplate\":\"https:\/\/www.ecksberg.de\/es\/?s={search_term_string}\"},\"query-input\":{\"@type\":\"PropertyValueSpecification\",\"valueRequired\":true,\"valueName\":\"search_term_string\"}}],\"inLanguage\":\"eisp\"}]}<\/script>\n<!-- \/ Yoast SEO plugin. -->","yoast_head_json":{"title":"Pflege & Therapie - Stiftung Ecksberg","robots":{"index":"index","follow":"follow","max-snippet":"max-snippet:-1","max-image-preview":"max-image-preview:large","max-video-preview":"max-video-preview:-1"},"canonical":"https:\/\/www.ecksberg.de\/es\/pflege-therapie\/","og_locale":"en_US","og_type":"article","og_title":"Pflege & Therapie - Stiftung Ecksberg","og_url":"https:\/\/www.ecksberg.de\/es\/pflege-therapie\/","og_site_name":"Stiftung Ecksberg","article_modified_time":"2016-12-06T06:32:59+00:00","twitter_card":"summary_large_image","schema":{"@context":"https:\/\/schema.org","@graph":[{"@type":"WebPage","@id":"https:\/\/www.ecksberg.de\/es\/pflege-therapie\/","url":"https:\/\/www.ecksberg.de\/es\/pflege-therapie\/","name":"Pflege & Therapie - Stiftung Ecksberg","isPartOf":{"@id":"https:\/\/www.ecksberg.de\/es\/#website"},"datePublished":"2016-09-13T09:00:02+00:00","dateModified":"2016-12-06T06:32:59+00:00","breadcrumb":{"@id":"https:\/\/www.ecksberg.de\/es\/pflege-therapie\/#breadcrumb"},"inLanguage":"eisp","potentialAction":[{"@type":"ReadAction","target":["https:\/\/www.ecksberg.de\/es\/pflege-therapie\/"]}]},{"@type":"BreadcrumbList","@id":"https:\/\/www.ecksberg.de\/es\/pflege-therapie\/#breadcrumb","itemListElement":[{"@type":"ListItem","position":1,"name":"Home","item":"https:\/\/www.ecksberg.de\/es\/?page_id=29896"},{"@type":"ListItem","position":2,"name":"Pflege &#038; Therapie"}]},{"@type":"WebSite","@id":"https:\/\/www.ecksberg.de\/es\/#website","url":"https:\/\/www.ecksberg.de\/es\/","name":"Stiftung Ecksberg","description":"Tr\u00e4ger sozialer Einrichtungen und Dienste","potentialAction":[{"@type":"SearchAction","target":{"@type":"EntryPoint","urlTemplate":"https:\/\/www.ecksberg.de\/es\/?s={search_term_string}"},"query-input":{"@type":"PropertyValueSpecification","valueRequired":true,"valueName":"search_term_string"}}],"inLanguage":"eisp"}]}},"publishpress_future_action":{"enabled":false,"date":"2026-05-13 01:49:11","action":"change-status","newStatus":"draft","terms":[],"taxonomy":"translation_priority","extraData":[]},"publishpress_future_workflow_manual_trigger":{"enabledWorkflows":[]},"_links":{"self":[{"href":"https:\/\/www.ecksberg.de\/es\/wp-json\/wp\/v2\/pages\/7606","targetHints":{"allow":["GET"]}}],"collection":[{"href":"https:\/\/www.ecksberg.de\/es\/wp-json\/wp\/v2\/pages"}],"about":[{"href":"https:\/\/www.ecksberg.de\/es\/wp-json\/wp\/v2\/types\/page"}],"author":[{"embeddable":true,"href":"https:\/\/www.ecksberg.de\/es\/wp-json\/wp\/v2\/users\/2"}],"replies":[{"embeddable":true,"href":"https:\/\/www.ecksberg.de\/es\/wp-json\/wp\/v2\/comments?post=7606"}],"version-history":[{"count":2,"href":"https:\/\/www.ecksberg.de\/es\/wp-json\/wp\/v2\/pages\/7606\/revisions"}],"predecessor-version":[{"id":8024,"href":"https:\/\/www.ecksberg.de\/es\/wp-json\/wp\/v2\/pages\/7606\/revisions\/8024"}],"wp:attachment":[{"href":"https:\/\/www.ecksberg.de\/es\/wp-json\/wp\/v2\/media?parent=7606"}],"curies":[{"name":"wp","href":"https:\/\/api.w.org\/{rel}","templated":true}]}}