{"id":7595,"date":"2016-09-12T14:33:25","date_gmt":"2016-09-12T12:33:25","guid":{"rendered":"http:\/\/wordpress.p368333.webspaceconfig.de\/es\/ueber-uns\/"},"modified":"2016-11-28T09:29:07","modified_gmt":"2016-11-28T08:29:07","slug":"ueber-uns","status":"publish","type":"page","link":"https:\/\/www.ecksberg.de\/es\/ueber-uns\/","title":{"rendered":"\u00dcber uns"},"content":{"rendered":"<section class=\"l-section wpb_row height_medium\"><div class=\"l-section-h i-cf\"><div class=\"g-cols vc_row via_grid cols_1 laptops-cols_inherit tablets-cols_inherit mobiles-cols_1 valign_top type_default stacking_default\"><div class=\"wpb_column vc_column_container\"><div class=\"vc_column-inner\"><div class=\"wpb_text_column\"><div class=\"wpb_wrapper\"><h6>Die Stiftung Ecksberg hat eine lange Geschichte und Tradition.<\/h6>\n<h6>Die Stiftung Ecksberg ist im \u00f6stlichen Oberbayern t\u00e4tig.<\/h6>\n<h6>Sie bietet etwa 1000 Arbeitspl\u00e4tze an.<\/h6>\n<h6>Kommen Sie mit Ihren Fragen auf uns zu!<\/h6>\n<\/div><\/div><\/div><\/div><\/div><\/div><\/section>\n","protected":false},"excerpt":{"rendered":"Die Stiftung Ecksberg hat eine lange Geschichte und Tradition. Die Stiftung Ecksberg ist im \u00f6stlichen Oberbayern t\u00e4tig. Sie bietet etwa 1000 Arbeitspl\u00e4tze an. Kommen Sie mit Ihren Fragen auf uns...","protected":false},"author":2,"featured_media":0,"parent":0,"menu_order":200,"comment_status":"closed","ping_status":"closed","template":"","meta":{"_acf_changed":false,"footnotes":""},"class_list":["post-7595","page","type-page","status-publish","hentry"],"acf":[],"yoast_head":"<!-- This site is optimized with the Yoast SEO plugin v26.5 - https:\/\/yoast.com\/wordpress\/plugins\/seo\/ -->\n<title>\u00dcber uns - Stiftung Ecksberg<\/title>\n<meta name=\"robots\" content=\"index, follow, max-snippet:-1, max-image-preview:large, max-video-preview:-1\" \/>\n<link rel=\"canonical\" href=\"https:\/\/www.ecksberg.de\/es\/ueber-uns\/\" \/>\n<meta property=\"og:locale\" content=\"en_US\" \/>\n<meta property=\"og:type\" content=\"article\" \/>\n<meta property=\"og:title\" content=\"\u00dcber uns - Stiftung Ecksberg\" \/>\n<meta property=\"og:url\" content=\"https:\/\/www.ecksberg.de\/es\/ueber-uns\/\" \/>\n<meta property=\"og:site_name\" content=\"Stiftung Ecksberg\" \/>\n<meta property=\"article:modified_time\" content=\"2016-11-28T08:29:07+00:00\" \/>\n<meta name=\"twitter:card\" content=\"summary_large_image\" \/>\n<script type=\"application\/ld+json\" class=\"yoast-schema-graph\">{\"@context\":\"https:\/\/schema.org\",\"@graph\":[{\"@type\":\"WebPage\",\"@id\":\"https:\/\/www.ecksberg.de\/es\/ueber-uns\/\",\"url\":\"https:\/\/www.ecksberg.de\/es\/ueber-uns\/\",\"name\":\"\u00dcber uns - Stiftung Ecksberg\",\"isPartOf\":{\"@id\":\"https:\/\/www.ecksberg.de\/es\/#website\"},\"datePublished\":\"2016-09-12T12:33:25+00:00\",\"dateModified\":\"2016-11-28T08:29:07+00:00\",\"breadcrumb\":{\"@id\":\"https:\/\/www.ecksberg.de\/es\/ueber-uns\/#breadcrumb\"},\"inLanguage\":\"eisp\",\"potentialAction\":[{\"@type\":\"ReadAction\",\"target\":[\"https:\/\/www.ecksberg.de\/es\/ueber-uns\/\"]}]},{\"@type\":\"BreadcrumbList\",\"@id\":\"https:\/\/www.ecksberg.de\/es\/ueber-uns\/#breadcrumb\",\"itemListElement\":[{\"@type\":\"ListItem\",\"position\":1,\"name\":\"Home\",\"item\":\"https:\/\/www.ecksberg.de\/es\/\"},{\"@type\":\"ListItem\",\"position\":2,\"name\":\"\u00dcber uns\"}]},{\"@type\":\"WebSite\",\"@id\":\"https:\/\/www.ecksberg.de\/es\/#website\",\"url\":\"https:\/\/www.ecksberg.de\/es\/\",\"name\":\"Stiftung Ecksberg\",\"description\":\"Tr\u00e4ger sozialer Einrichtungen und Dienste\",\"potentialAction\":[{\"@type\":\"SearchAction\",\"target\":{\"@type\":\"EntryPoint\",\"urlTemplate\":\"https:\/\/www.ecksberg.de\/es\/?s={search_term_string}\"},\"query-input\":{\"@type\":\"PropertyValueSpecification\",\"valueRequired\":true,\"valueName\":\"search_term_string\"}}],\"inLanguage\":\"eisp\"}]}<\/script>\n<!-- \/ Yoast SEO plugin. -->","yoast_head_json":{"title":"\u00dcber uns - Stiftung Ecksberg","robots":{"index":"index","follow":"follow","max-snippet":"max-snippet:-1","max-image-preview":"max-image-preview:large","max-video-preview":"max-video-preview:-1"},"canonical":"https:\/\/www.ecksberg.de\/es\/ueber-uns\/","og_locale":"en_US","og_type":"article","og_title":"\u00dcber uns - Stiftung Ecksberg","og_url":"https:\/\/www.ecksberg.de\/es\/ueber-uns\/","og_site_name":"Stiftung Ecksberg","article_modified_time":"2016-11-28T08:29:07+00:00","twitter_card":"summary_large_image","schema":{"@context":"https:\/\/schema.org","@graph":[{"@type":"WebPage","@id":"https:\/\/www.ecksberg.de\/es\/ueber-uns\/","url":"https:\/\/www.ecksberg.de\/es\/ueber-uns\/","name":"\u00dcber uns - Stiftung Ecksberg","isPartOf":{"@id":"https:\/\/www.ecksberg.de\/es\/#website"},"datePublished":"2016-09-12T12:33:25+00:00","dateModified":"2016-11-28T08:29:07+00:00","breadcrumb":{"@id":"https:\/\/www.ecksberg.de\/es\/ueber-uns\/#breadcrumb"},"inLanguage":"eisp","potentialAction":[{"@type":"ReadAction","target":["https:\/\/www.ecksberg.de\/es\/ueber-uns\/"]}]},{"@type":"BreadcrumbList","@id":"https:\/\/www.ecksberg.de\/es\/ueber-uns\/#breadcrumb","itemListElement":[{"@type":"ListItem","position":1,"name":"Home","item":"https:\/\/www.ecksberg.de\/es\/"},{"@type":"ListItem","position":2,"name":"\u00dcber uns"}]},{"@type":"WebSite","@id":"https:\/\/www.ecksberg.de\/es\/#website","url":"https:\/\/www.ecksberg.de\/es\/","name":"Stiftung Ecksberg","description":"Tr\u00e4ger sozialer Einrichtungen und Dienste","potentialAction":[{"@type":"SearchAction","target":{"@type":"EntryPoint","urlTemplate":"https:\/\/www.ecksberg.de\/es\/?s={search_term_string}"},"query-input":{"@type":"PropertyValueSpecification","valueRequired":true,"valueName":"search_term_string"}}],"inLanguage":"eisp"}]}},"publishpress_future_action":{"enabled":false,"date":"2026-04-21 11:38:03","action":"change-status","newStatus":"draft","terms":[],"taxonomy":"translation_priority","extraData":[]},"publishpress_future_workflow_manual_trigger":{"enabledWorkflows":[]},"_links":{"self":[{"href":"https:\/\/www.ecksberg.de\/es\/wp-json\/wp\/v2\/pages\/7595","targetHints":{"allow":["GET"]}}],"collection":[{"href":"https:\/\/www.ecksberg.de\/es\/wp-json\/wp\/v2\/pages"}],"about":[{"href":"https:\/\/www.ecksberg.de\/es\/wp-json\/wp\/v2\/types\/page"}],"author":[{"embeddable":true,"href":"https:\/\/www.ecksberg.de\/es\/wp-json\/wp\/v2\/users\/2"}],"replies":[{"embeddable":true,"href":"https:\/\/www.ecksberg.de\/es\/wp-json\/wp\/v2\/comments?post=7595"}],"version-history":[{"count":1,"href":"https:\/\/www.ecksberg.de\/es\/wp-json\/wp\/v2\/pages\/7595\/revisions"}],"predecessor-version":[{"id":7596,"href":"https:\/\/www.ecksberg.de\/es\/wp-json\/wp\/v2\/pages\/7595\/revisions\/7596"}],"wp:attachment":[{"href":"https:\/\/www.ecksberg.de\/es\/wp-json\/wp\/v2\/media?parent=7595"}],"curies":[{"name":"wp","href":"https:\/\/api.w.org\/{rel}","templated":true}]}}