{"id":7549,"date":"2016-11-22T14:44:02","date_gmt":"2016-11-22T13:44:02","guid":{"rendered":"http:\/\/wordpress.p368333.webspaceconfig.de\/es\/theater-2\/"},"modified":"2024-01-23T10:56:43","modified_gmt":"2024-01-23T09:56:43","slug":"theater-2","status":"publish","type":"page","link":"https:\/\/www.ecksberg.de\/es\/theater-2\/","title":{"rendered":"Theater"},"content":{"rendered":"<section class=\"l-section wpb_row height_medium\"><div class=\"l-section-h i-cf\"><div class=\"g-cols vc_row via_grid cols_1 laptops-cols_inherit tablets-cols_inherit mobiles-cols_1 valign_top type_default stacking_default\"><div class=\"wpb_column vc_column_container\"><div class=\"vc_column-inner\"><div class=\"g-cols wpb_row via_grid cols_3 laptops-cols_inherit tablets-cols_inherit mobiles-cols_1 valign_top type_default stacking_default\" style=\"--columns-gap:3rem;\"><div class=\"wpb_column vc_column_container\"><div class=\"vc_column-inner\"><div class=\"w-image align_none\"><div class=\"w-image-h\"><img decoding=\"async\" width=\"600\" height=\"402\" src=\"https:\/\/www.ecksberg.de\/media\/DSC_0086-600x402.jpg\" class=\"attachment-us_600_600_crop size-us_600_600_crop\" alt=\"\" loading=\"lazy\" srcset=\"https:\/\/www.ecksberg.de\/media\/DSC_0086-600x402.jpg 600w, https:\/\/www.ecksberg.de\/media\/DSC_0086-300x201.jpg 300w, https:\/\/www.ecksberg.de\/media\/DSC_0086-1024x685.jpg 1024w\" sizes=\"auto, (max-width: 600px) 100vw, 600px\" \/><\/div><\/div><\/div><\/div><div class=\"wpb_column vc_column_container\"><div class=\"vc_column-inner\"><div class=\"w-image align_none\"><div class=\"w-image-h\"><img decoding=\"async\" width=\"595\" height=\"600\" src=\"https:\/\/www.ecksberg.de\/media\/image1-600x605.jpg\" class=\"attachment-us_600_600_crop size-us_600_600_crop\" alt=\"\" loading=\"lazy\" srcset=\"https:\/\/www.ecksberg.de\/media\/image1-600x605.jpg 600w, https:\/\/www.ecksberg.de\/media\/image1-150x150.jpg 150w, https:\/\/www.ecksberg.de\/media\/image1-297x300.jpg 297w, https:\/\/www.ecksberg.de\/media\/image1-1015x1024.jpg 1015w\" sizes=\"auto, (max-width: 595px) 100vw, 595px\" \/><\/div><\/div><\/div><\/div><div class=\"wpb_column vc_column_container\"><div class=\"vc_column-inner\"><div class=\"w-image align_none\"><div class=\"w-image-h\"><img decoding=\"async\" width=\"600\" height=\"402\" src=\"https:\/\/www.ecksberg.de\/media\/DSC_2782-600x402.jpg\" class=\"attachment-us_600_600_crop size-us_600_600_crop\" alt=\"\" loading=\"lazy\" srcset=\"https:\/\/www.ecksberg.de\/media\/DSC_2782-600x402.jpg 600w, https:\/\/www.ecksberg.de\/media\/DSC_2782-300x201.jpg 300w, https:\/\/www.ecksberg.de\/media\/DSC_2782-1024x686.jpg 1024w, https:\/\/www.ecksberg.de\/media\/DSC_2782.jpg 1181w\" sizes=\"auto, (max-width: 600px) 100vw, 600px\" \/><\/div><\/div><\/div><\/div><\/div><div class=\"g-cols wpb_row via_grid cols_1 laptops-cols_inherit tablets-cols_inherit mobiles-cols_1 valign_top type_default stacking_default\" style=\"--columns-gap:3rem;\"><div class=\"wpb_column vc_column_container\"><div class=\"vc_column-inner\"><div class=\"wpb_text_column\"><div class=\"wpb_wrapper\"><h3>DieTheatergruppe Ecksberg<\/h3>\n<h3>Die Entstehung:<\/h3>\n<h6>2002 hat der damalige Leiter der Einrichtung, Herr Johann Hertkorn, ein Theater vorf\u00fchren lassen.<\/h6>\n<h6>Martin Winklbauer wurde als Autor und Regisseur f\u00fcr das St\u00fcck auserw\u00e4hlt.<\/h6>\n<h6>In dem St\u00fcck \u201edes bsundane Kind\u201c stellte er\u00a0die Entstehung der Einrichtung dar.<\/h6>\n<h6>Hierbei spielten 80 Betreute und Betreuer der Einrichtung die Entstehungsgeschichte der Stiftung Ecksberg.<\/h6>\n<h6>Das St\u00fcck \u201edes bsundane Kind\u201c war\u00a0 ein riesiger Erfolg.<\/h6>\n<h3>Der Ist-Stand:<\/h3>\n<h6>Nun\u00a0hat die Theatergruppe Ecksberg\u00a034 feste Mitgliedern. Die arbeiten und wohnen in der Stiftung Ecksberg.<\/h6>\n<p><a ref=\"magnificPopup\" href=\"http:\/\/www.ecksberg.de\/media\/image2.jpg\"><img decoding=\"async\" class=\"size-medium wp-image-6751 alignright\" src=\"http:\/\/www.ecksberg.de\/media\/image2-300x225.jpg\" alt=\"image2\" width=\"300\" height=\"225\" srcset=\"https:\/\/www.ecksberg.de\/media\/image2-300x225.jpg 300w, https:\/\/www.ecksberg.de\/media\/image2-600x450.jpg 600w, https:\/\/www.ecksberg.de\/media\/image2-1024x768.jpg 1024w\" sizes=\"(max-width: 300px) 100vw, 300px\" \/><\/a><\/p>\n<h6>Diese St\u00fccke sind erfolgreiche Auff\u00fchrungen der Gruppe: Das Schwert des Tassilo, J\u00f6rg von Halsbach, Der Tod\u00b4z Eding und\u00a0Brandner Kaspar;<\/h6>\n<\/div><\/div><\/div><\/div><\/div><div class=\"g-cols wpb_row via_grid cols_2 laptops-cols_inherit tablets-cols_inherit mobiles-cols_1 valign_top type_default stacking_default\" style=\"--columns-gap:3rem;\"><div class=\"wpb_column vc_column_container\"><div class=\"vc_column-inner\"><div class=\"wpb_text_column\"><div class=\"wpb_wrapper\"><h6><strong>Evi Eberherr<\/strong><\/h6>\n<h6>Kontakt:<br \/>\nTelefonnummer: 08639\/984044<br \/>\nE-Mailadresse: <a href=\"mailto:evi.eberherr@ecksberg.de\">Evi.Eberherr@ecksberg.de<\/a><\/h6>\n<\/div><\/div><\/div><\/div><div class=\"wpb_column vc_column_container\"><div class=\"vc_column-inner\"><\/div><\/div><\/div><\/div><\/div><\/div><\/div><\/section>\n","protected":false},"excerpt":{"rendered":"DieTheatergruppe Ecksberg Die Entstehung: 2002 hat der damalige Leiter der Einrichtung, Herr Johann Hertkorn, ein Theater vorf\u00fchren lassen. Martin Winklbauer wurde als Autor und Regisseur f\u00fcr das St\u00fcck auserw\u00e4hlt. In...","protected":false},"author":2,"featured_media":0,"parent":0,"menu_order":10,"comment_status":"closed","ping_status":"closed","template":"","meta":{"_acf_changed":false,"footnotes":""},"class_list":["post-7549","page","type-page","status-publish","hentry"],"acf":[],"yoast_head":"<!-- This site is optimized with the Yoast SEO plugin v26.5 - https:\/\/yoast.com\/wordpress\/plugins\/seo\/ -->\n<title>Theater - Stiftung Ecksberg<\/title>\n<meta name=\"robots\" content=\"index, follow, max-snippet:-1, max-image-preview:large, max-video-preview:-1\" \/>\n<link rel=\"canonical\" href=\"https:\/\/www.ecksberg.de\/es\/theater-2\/\" \/>\n<meta property=\"og:locale\" content=\"en_US\" \/>\n<meta property=\"og:type\" content=\"article\" \/>\n<meta property=\"og:title\" content=\"Theater - Stiftung Ecksberg\" \/>\n<meta property=\"og:url\" content=\"https:\/\/www.ecksberg.de\/es\/theater-2\/\" \/>\n<meta property=\"og:site_name\" content=\"Stiftung Ecksberg\" \/>\n<meta property=\"article:modified_time\" content=\"2024-01-23T09:56:43+00:00\" \/>\n<meta property=\"og:image\" content=\"http:\/\/www.ecksberg.de\/media\/image2-300x225.jpg\" \/>\n<meta name=\"twitter:card\" content=\"summary_large_image\" \/>\n<meta name=\"twitter:label1\" content=\"Est. reading time\" \/>\n\t<meta name=\"twitter:data1\" content=\"1 minute\" \/>\n<script type=\"application\/ld+json\" class=\"yoast-schema-graph\">{\"@context\":\"https:\/\/schema.org\",\"@graph\":[{\"@type\":\"WebPage\",\"@id\":\"https:\/\/www.ecksberg.de\/es\/theater-2\/\",\"url\":\"https:\/\/www.ecksberg.de\/es\/theater-2\/\",\"name\":\"Theater - Stiftung Ecksberg\",\"isPartOf\":{\"@id\":\"https:\/\/www.ecksberg.de\/es\/#website\"},\"primaryImageOfPage\":{\"@id\":\"https:\/\/www.ecksberg.de\/es\/theater-2\/#primaryimage\"},\"image\":{\"@id\":\"https:\/\/www.ecksberg.de\/es\/theater-2\/#primaryimage\"},\"thumbnailUrl\":\"http:\/\/www.ecksberg.de\/media\/image2-300x225.jpg\",\"datePublished\":\"2016-11-22T13:44:02+00:00\",\"dateModified\":\"2024-01-23T09:56:43+00:00\",\"breadcrumb\":{\"@id\":\"https:\/\/www.ecksberg.de\/es\/theater-2\/#breadcrumb\"},\"inLanguage\":\"eisp\",\"potentialAction\":[{\"@type\":\"ReadAction\",\"target\":[\"https:\/\/www.ecksberg.de\/es\/theater-2\/\"]}]},{\"@type\":\"ImageObject\",\"inLanguage\":\"eisp\",\"@id\":\"https:\/\/www.ecksberg.de\/es\/theater-2\/#primaryimage\",\"url\":\"http:\/\/www.ecksberg.de\/media\/image2-300x225.jpg\",\"contentUrl\":\"http:\/\/www.ecksberg.de\/media\/image2-300x225.jpg\"},{\"@type\":\"BreadcrumbList\",\"@id\":\"https:\/\/www.ecksberg.de\/es\/theater-2\/#breadcrumb\",\"itemListElement\":[{\"@type\":\"ListItem\",\"position\":1,\"name\":\"Home\",\"item\":\"https:\/\/www.ecksberg.de\/es\/\"},{\"@type\":\"ListItem\",\"position\":2,\"name\":\"Theater\"}]},{\"@type\":\"WebSite\",\"@id\":\"https:\/\/www.ecksberg.de\/es\/#website\",\"url\":\"https:\/\/www.ecksberg.de\/es\/\",\"name\":\"Stiftung Ecksberg\",\"description\":\"Tr\u00e4ger sozialer Einrichtungen und Dienste\",\"potentialAction\":[{\"@type\":\"SearchAction\",\"target\":{\"@type\":\"EntryPoint\",\"urlTemplate\":\"https:\/\/www.ecksberg.de\/es\/?s={search_term_string}\"},\"query-input\":{\"@type\":\"PropertyValueSpecification\",\"valueRequired\":true,\"valueName\":\"search_term_string\"}}],\"inLanguage\":\"eisp\"}]}<\/script>\n<!-- \/ Yoast SEO plugin. -->","yoast_head_json":{"title":"Theater - Stiftung Ecksberg","robots":{"index":"index","follow":"follow","max-snippet":"max-snippet:-1","max-image-preview":"max-image-preview:large","max-video-preview":"max-video-preview:-1"},"canonical":"https:\/\/www.ecksberg.de\/es\/theater-2\/","og_locale":"en_US","og_type":"article","og_title":"Theater - Stiftung Ecksberg","og_url":"https:\/\/www.ecksberg.de\/es\/theater-2\/","og_site_name":"Stiftung Ecksberg","article_modified_time":"2024-01-23T09:56:43+00:00","og_image":[{"url":"http:\/\/www.ecksberg.de\/media\/image2-300x225.jpg","type":"","width":"","height":""}],"twitter_card":"summary_large_image","twitter_misc":{"Est. reading time":"1 minute"},"schema":{"@context":"https:\/\/schema.org","@graph":[{"@type":"WebPage","@id":"https:\/\/www.ecksberg.de\/es\/theater-2\/","url":"https:\/\/www.ecksberg.de\/es\/theater-2\/","name":"Theater - Stiftung Ecksberg","isPartOf":{"@id":"https:\/\/www.ecksberg.de\/es\/#website"},"primaryImageOfPage":{"@id":"https:\/\/www.ecksberg.de\/es\/theater-2\/#primaryimage"},"image":{"@id":"https:\/\/www.ecksberg.de\/es\/theater-2\/#primaryimage"},"thumbnailUrl":"http:\/\/www.ecksberg.de\/media\/image2-300x225.jpg","datePublished":"2016-11-22T13:44:02+00:00","dateModified":"2024-01-23T09:56:43+00:00","breadcrumb":{"@id":"https:\/\/www.ecksberg.de\/es\/theater-2\/#breadcrumb"},"inLanguage":"eisp","potentialAction":[{"@type":"ReadAction","target":["https:\/\/www.ecksberg.de\/es\/theater-2\/"]}]},{"@type":"ImageObject","inLanguage":"eisp","@id":"https:\/\/www.ecksberg.de\/es\/theater-2\/#primaryimage","url":"http:\/\/www.ecksberg.de\/media\/image2-300x225.jpg","contentUrl":"http:\/\/www.ecksberg.de\/media\/image2-300x225.jpg"},{"@type":"BreadcrumbList","@id":"https:\/\/www.ecksberg.de\/es\/theater-2\/#breadcrumb","itemListElement":[{"@type":"ListItem","position":1,"name":"Home","item":"https:\/\/www.ecksberg.de\/es\/"},{"@type":"ListItem","position":2,"name":"Theater"}]},{"@type":"WebSite","@id":"https:\/\/www.ecksberg.de\/es\/#website","url":"https:\/\/www.ecksberg.de\/es\/","name":"Stiftung Ecksberg","description":"Tr\u00e4ger sozialer Einrichtungen und Dienste","potentialAction":[{"@type":"SearchAction","target":{"@type":"EntryPoint","urlTemplate":"https:\/\/www.ecksberg.de\/es\/?s={search_term_string}"},"query-input":{"@type":"PropertyValueSpecification","valueRequired":true,"valueName":"search_term_string"}}],"inLanguage":"eisp"}]}},"publishpress_future_action":{"enabled":false,"date":"2026-04-27 10:43:36","action":"change-status","newStatus":"draft","terms":[],"taxonomy":"translation_priority","extraData":[]},"publishpress_future_workflow_manual_trigger":{"enabledWorkflows":[]},"_links":{"self":[{"href":"https:\/\/www.ecksberg.de\/es\/wp-json\/wp\/v2\/pages\/7549","targetHints":{"allow":["GET"]}}],"collection":[{"href":"https:\/\/www.ecksberg.de\/es\/wp-json\/wp\/v2\/pages"}],"about":[{"href":"https:\/\/www.ecksberg.de\/es\/wp-json\/wp\/v2\/types\/page"}],"author":[{"embeddable":true,"href":"https:\/\/www.ecksberg.de\/es\/wp-json\/wp\/v2\/users\/2"}],"replies":[{"embeddable":true,"href":"https:\/\/www.ecksberg.de\/es\/wp-json\/wp\/v2\/comments?post=7549"}],"version-history":[{"count":6,"href":"https:\/\/www.ecksberg.de\/es\/wp-json\/wp\/v2\/pages\/7549\/revisions"}],"predecessor-version":[{"id":23158,"href":"https:\/\/www.ecksberg.de\/es\/wp-json\/wp\/v2\/pages\/7549\/revisions\/23158"}],"wp:attachment":[{"href":"https:\/\/www.ecksberg.de\/es\/wp-json\/wp\/v2\/media?parent=7549"}],"curies":[{"name":"wp","href":"https:\/\/api.w.org\/{rel}","templated":true}]}}