{"id":7421,"date":"2016-09-12T16:04:22","date_gmt":"2016-09-12T14:04:22","guid":{"rendered":"http:\/\/wordpress.p368333.webspaceconfig.de\/es\/wohnen-fuer-menschen-mit-einer-geistigen-behinderung\/ambulante-betreuung\/"},"modified":"2024-01-23T10:56:42","modified_gmt":"2024-01-23T09:56:42","slug":"ambulante-betreuung","status":"publish","type":"page","link":"https:\/\/www.ecksberg.de\/es\/wohnen-freizeit\/wohnen-fuer-menschen-mit-einer-geistigen-behinderung\/ambulante-betreuung\/","title":{"rendered":"Ambulante Betreuung"},"content":{"rendered":"<section class=\"l-section wpb_row height_medium\"><div class=\"l-section-h i-cf\"><div class=\"g-cols vc_row via_grid cols_3 laptops-cols_inherit tablets-cols_inherit mobiles-cols_1 valign_top type_default stacking_default\"><div class=\"wpb_column vc_column_container\"><div class=\"vc_column-inner\"><div class=\"w-image align_none\"><div class=\"w-image-h\"><img decoding=\"async\" width=\"600\" height=\"450\" src=\"https:\/\/www.ecksberg.de\/media\/DSCN0110-600x450.jpg\" class=\"attachment-us_600_600_crop size-us_600_600_crop\" alt=\"\" loading=\"lazy\" srcset=\"https:\/\/www.ecksberg.de\/media\/DSCN0110-600x450.jpg 600w, https:\/\/www.ecksberg.de\/media\/DSCN0110-300x225.jpg 300w, https:\/\/www.ecksberg.de\/media\/DSCN0110-1024x768.jpg 1024w\" sizes=\"auto, (max-width: 600px) 100vw, 600px\" \/><\/div><\/div><\/div><\/div><div class=\"wpb_column vc_column_container\"><div class=\"vc_column-inner\"><div class=\"w-image align_none\"><div class=\"w-image-h\"><img decoding=\"async\" width=\"600\" height=\"450\" src=\"https:\/\/www.ecksberg.de\/media\/DSCN0072-600x450.jpg\" class=\"attachment-us_600_600_crop size-us_600_600_crop\" alt=\"\" loading=\"lazy\" srcset=\"https:\/\/www.ecksberg.de\/media\/DSCN0072-600x450.jpg 600w, https:\/\/www.ecksberg.de\/media\/DSCN0072-300x225.jpg 300w, https:\/\/www.ecksberg.de\/media\/DSCN0072-1024x768.jpg 1024w\" sizes=\"auto, (max-width: 600px) 100vw, 600px\" \/><\/div><\/div><\/div><\/div><div class=\"wpb_column vc_column_container\"><div class=\"vc_column-inner\"><div class=\"w-image align_none\"><div class=\"w-image-h\"><img decoding=\"async\" width=\"600\" height=\"450\" src=\"https:\/\/www.ecksberg.de\/media\/DSCN0267-600x450.jpg\" class=\"attachment-us_600_600_crop size-us_600_600_crop\" alt=\"\" loading=\"lazy\" srcset=\"https:\/\/www.ecksberg.de\/media\/DSCN0267-600x450.jpg 600w, https:\/\/www.ecksberg.de\/media\/DSCN0267-300x225.jpg 300w, https:\/\/www.ecksberg.de\/media\/DSCN0267-1024x768.jpg 1024w\" sizes=\"auto, (max-width: 600px) 100vw, 600px\" \/><\/div><\/div><\/div><\/div><\/div><\/div><\/section><section class=\"l-section wpb_row height_medium\"><div class=\"l-section-h i-cf\"><div class=\"g-cols vc_row via_grid cols_1 laptops-cols_inherit tablets-cols_inherit mobiles-cols_1 valign_top type_default stacking_default\"><div class=\"wpb_column vc_column_container\"><div class=\"vc_column-inner\"><div class=\"wpb_text_column\"><div class=\"wpb_wrapper\"><h6>Ambulant betreutes Wohnen bedeutet Unterst\u00fctzung in der eigenen Wohnung.<\/h6>\n<h6>Die Unterst\u00fctzung richtet sich also an Personen mit einer eigenen Wohnung.<\/h6>\n<h6>Es wird besprochen, welche Unterst\u00fctzung gew\u00fcnscht wird.<\/h6>\n<h6>Es wird vereinbart, welche Unterst\u00fctzung geleistet wird.<\/h6>\n<h6>Die Unterst\u00fctzung hilft dabei, das Leben in der eigenen Wohnung zu sichern.<\/h6>\n<h6>Die Unterst\u00fctzung hilft auch dabei, das Leben in der Nachbarschaft gut zu gestalten.<\/h6>\n<\/div><\/div><\/div><\/div><\/div><\/div><\/section><section class=\"l-section wpb_row height_medium\"><div class=\"l-section-h i-cf\"><div class=\"g-cols vc_row via_grid cols_2 laptops-cols_inherit tablets-cols_inherit mobiles-cols_1 valign_top type_default stacking_default\"><div class=\"wpb_column vc_column_container\"><div class=\"vc_column-inner\"><div class=\"wpb_text_column\"><div class=\"wpb_wrapper\"><p><img decoding=\"async\" class=\"alignleft wp-image-6215 size-thumbnail\" src=\"http:\/\/www.ecksberg.de\/media\/183-150x150.jpg\" alt=\"183\" width=\"150\" height=\"150\" srcset=\"https:\/\/www.ecksberg.de\/media\/183-150x150.jpg 150w, https:\/\/www.ecksberg.de\/media\/183-300x300.jpg 300w, https:\/\/www.ecksberg.de\/media\/183-600x600.jpg 600w, https:\/\/www.ecksberg.de\/media\/183-350x350.jpg 350w\" sizes=\"(max-width: 150px) 100vw, 150px\" \/><\/p>\n<p>&nbsp;<\/p>\n<p>&nbsp;<\/p>\n<p>&nbsp;<\/p>\n<p>&nbsp;<\/p>\n<h6><strong>Christian R\u00f6dig<br \/>\n<\/strong>(ABW-H)<strong><br \/>\n<\/strong><\/h6>\n<h6>Kontakt:<br \/>\nTelefonnummer: 08638\/86445<br \/>\nE-Mailadresse: <a href=\"mailto:heim-ambulant@ecksberg.de\" target=\"_blank\" rel=\"noopener noreferrer\">heim-ambulant@ecksberg.de<\/a><\/h6>\n<\/div><\/div><\/div><\/div><div class=\"wpb_column vc_column_container\"><div class=\"vc_column-inner\"><div class=\"wpb_text_column\"><div class=\"wpb_wrapper\"><p><strong><a ref=\"magnificPopup\" href=\"https:\/\/www.ecksberg.de\/media\/Foto-Frau-Bauer-1-scaled.jpg\"><img decoding=\"async\" class=\"alignnone wp-image-17136\" src=\"https:\/\/www.ecksberg.de\/media\/Foto-Frau-Bauer-1-scaled.jpg\" alt=\"\" width=\"150\" height=\"200\" srcset=\"https:\/\/www.ecksberg.de\/media\/Foto-Frau-Bauer-1-scaled.jpg 1920w, https:\/\/www.ecksberg.de\/media\/Foto-Frau-Bauer-1-225x300.jpg 225w, https:\/\/www.ecksberg.de\/media\/Foto-Frau-Bauer-1-768x1024.jpg 768w, https:\/\/www.ecksberg.de\/media\/Foto-Frau-Bauer-1-1152x1536.jpg 1152w, https:\/\/www.ecksberg.de\/media\/Foto-Frau-Bauer-1-1536x2048.jpg 1536w, https:\/\/www.ecksberg.de\/media\/Foto-Frau-Bauer-1-600x800.jpg 600w\" sizes=\"(max-width: 150px) 100vw, 150px\" \/><\/a><\/strong><\/p>\n<h6><strong>Manuela Bauer<\/strong><br \/>\nABW-O<\/h6>\n<h6>Kontakt:<br \/>\nTel.: 08631\/98474-10<br \/>\nFax.: 08631\/98474-13<br \/>\nE-Mail: <a href=\"mailto:Manuela.Bauer@ecksberg.de\">Manuela.Bauer@ecksberg.de<\/a><\/h6>\n<\/div><\/div><\/div><\/div><\/div><\/div><\/section>\n","protected":false},"excerpt":{"rendered":"Ambulant betreutes Wohnen bedeutet Unterst\u00fctzung in der eigenen Wohnung. Die Unterst\u00fctzung richtet sich also an Personen mit einer eigenen Wohnung. Es wird besprochen, welche Unterst\u00fctzung gew\u00fcnscht wird. Es wird vereinbart,...","protected":false},"author":2,"featured_media":0,"parent":7239,"menu_order":40,"comment_status":"closed","ping_status":"closed","template":"","meta":{"_acf_changed":false,"footnotes":""},"class_list":["post-7421","page","type-page","status-publish","hentry"],"acf":[],"yoast_head":"<!-- This site is optimized with the Yoast SEO plugin v26.5 - https:\/\/yoast.com\/wordpress\/plugins\/seo\/ -->\n<title>Ambulante Betreuung - Stiftung Ecksberg<\/title>\n<meta name=\"robots\" content=\"index, follow, max-snippet:-1, max-image-preview:large, max-video-preview:-1\" \/>\n<link rel=\"canonical\" href=\"https:\/\/www.ecksberg.de\/es\/wohnen-freizeit\/wohnen-fuer-menschen-mit-einer-geistigen-behinderung\/ambulante-betreuung\/\" \/>\n<meta property=\"og:locale\" content=\"en_US\" \/>\n<meta property=\"og:type\" content=\"article\" \/>\n<meta property=\"og:title\" content=\"Ambulante Betreuung - Stiftung Ecksberg\" \/>\n<meta property=\"og:url\" content=\"https:\/\/www.ecksberg.de\/es\/wohnen-freizeit\/wohnen-fuer-menschen-mit-einer-geistigen-behinderung\/ambulante-betreuung\/\" \/>\n<meta property=\"og:site_name\" content=\"Stiftung Ecksberg\" \/>\n<meta property=\"article:modified_time\" content=\"2024-01-23T09:56:42+00:00\" \/>\n<meta property=\"og:image\" content=\"http:\/\/www.ecksberg.de\/media\/183-150x150.jpg\" \/>\n<meta name=\"twitter:card\" content=\"summary_large_image\" \/>\n<meta name=\"twitter:label1\" content=\"Est. reading time\" \/>\n\t<meta name=\"twitter:data1\" content=\"1 minute\" \/>\n<script type=\"application\/ld+json\" class=\"yoast-schema-graph\">{\"@context\":\"https:\/\/schema.org\",\"@graph\":[{\"@type\":\"WebPage\",\"@id\":\"https:\/\/www.ecksberg.de\/es\/wohnen-freizeit\/wohnen-fuer-menschen-mit-einer-geistigen-behinderung\/ambulante-betreuung\/\",\"url\":\"https:\/\/www.ecksberg.de\/es\/wohnen-freizeit\/wohnen-fuer-menschen-mit-einer-geistigen-behinderung\/ambulante-betreuung\/\",\"name\":\"Ambulante Betreuung - Stiftung Ecksberg\",\"isPartOf\":{\"@id\":\"https:\/\/www.ecksberg.de\/es\/#website\"},\"primaryImageOfPage\":{\"@id\":\"https:\/\/www.ecksberg.de\/es\/wohnen-freizeit\/wohnen-fuer-menschen-mit-einer-geistigen-behinderung\/ambulante-betreuung\/#primaryimage\"},\"image\":{\"@id\":\"https:\/\/www.ecksberg.de\/es\/wohnen-freizeit\/wohnen-fuer-menschen-mit-einer-geistigen-behinderung\/ambulante-betreuung\/#primaryimage\"},\"thumbnailUrl\":\"http:\/\/www.ecksberg.de\/media\/183-150x150.jpg\",\"datePublished\":\"2016-09-12T14:04:22+00:00\",\"dateModified\":\"2024-01-23T09:56:42+00:00\",\"breadcrumb\":{\"@id\":\"https:\/\/www.ecksberg.de\/es\/wohnen-freizeit\/wohnen-fuer-menschen-mit-einer-geistigen-behinderung\/ambulante-betreuung\/#breadcrumb\"},\"inLanguage\":\"eisp\",\"potentialAction\":[{\"@type\":\"ReadAction\",\"target\":[\"https:\/\/www.ecksberg.de\/es\/wohnen-freizeit\/wohnen-fuer-menschen-mit-einer-geistigen-behinderung\/ambulante-betreuung\/\"]}]},{\"@type\":\"ImageObject\",\"inLanguage\":\"eisp\",\"@id\":\"https:\/\/www.ecksberg.de\/es\/wohnen-freizeit\/wohnen-fuer-menschen-mit-einer-geistigen-behinderung\/ambulante-betreuung\/#primaryimage\",\"url\":\"http:\/\/www.ecksberg.de\/media\/183-150x150.jpg\",\"contentUrl\":\"http:\/\/www.ecksberg.de\/media\/183-150x150.jpg\"},{\"@type\":\"BreadcrumbList\",\"@id\":\"https:\/\/www.ecksberg.de\/es\/wohnen-freizeit\/wohnen-fuer-menschen-mit-einer-geistigen-behinderung\/ambulante-betreuung\/#breadcrumb\",\"itemListElement\":[{\"@type\":\"ListItem\",\"position\":1,\"name\":\"Home\",\"item\":\"https:\/\/www.ecksberg.de\/es\/\"},{\"@type\":\"ListItem\",\"position\":2,\"name\":\"Wohnen &#038; Freizeit\",\"item\":\"https:\/\/www.ecksberg.de\/es\/wohnen-freizeit\/\"},{\"@type\":\"ListItem\",\"position\":3,\"name\":\"Wohnen f\u00fcr Menschen mit einer geistigen Behinderung\",\"item\":\"https:\/\/www.ecksberg.de\/es\/wohnen-freizeit\/wohnen-fuer-menschen-mit-einer-geistigen-behinderung\/\"},{\"@type\":\"ListItem\",\"position\":4,\"name\":\"Ambulante Betreuung\"}]},{\"@type\":\"WebSite\",\"@id\":\"https:\/\/www.ecksberg.de\/es\/#website\",\"url\":\"https:\/\/www.ecksberg.de\/es\/\",\"name\":\"Stiftung Ecksberg\",\"description\":\"Tr\u00e4ger sozialer Einrichtungen und Dienste\",\"potentialAction\":[{\"@type\":\"SearchAction\",\"target\":{\"@type\":\"EntryPoint\",\"urlTemplate\":\"https:\/\/www.ecksberg.de\/es\/?s={search_term_string}\"},\"query-input\":{\"@type\":\"PropertyValueSpecification\",\"valueRequired\":true,\"valueName\":\"search_term_string\"}}],\"inLanguage\":\"eisp\"}]}<\/script>\n<!-- \/ Yoast SEO plugin. -->","yoast_head_json":{"title":"Ambulante Betreuung - Stiftung Ecksberg","robots":{"index":"index","follow":"follow","max-snippet":"max-snippet:-1","max-image-preview":"max-image-preview:large","max-video-preview":"max-video-preview:-1"},"canonical":"https:\/\/www.ecksberg.de\/es\/wohnen-freizeit\/wohnen-fuer-menschen-mit-einer-geistigen-behinderung\/ambulante-betreuung\/","og_locale":"en_US","og_type":"article","og_title":"Ambulante Betreuung - Stiftung Ecksberg","og_url":"https:\/\/www.ecksberg.de\/es\/wohnen-freizeit\/wohnen-fuer-menschen-mit-einer-geistigen-behinderung\/ambulante-betreuung\/","og_site_name":"Stiftung Ecksberg","article_modified_time":"2024-01-23T09:56:42+00:00","og_image":[{"url":"http:\/\/www.ecksberg.de\/media\/183-150x150.jpg","type":"","width":"","height":""}],"twitter_card":"summary_large_image","twitter_misc":{"Est. reading time":"1 minute"},"schema":{"@context":"https:\/\/schema.org","@graph":[{"@type":"WebPage","@id":"https:\/\/www.ecksberg.de\/es\/wohnen-freizeit\/wohnen-fuer-menschen-mit-einer-geistigen-behinderung\/ambulante-betreuung\/","url":"https:\/\/www.ecksberg.de\/es\/wohnen-freizeit\/wohnen-fuer-menschen-mit-einer-geistigen-behinderung\/ambulante-betreuung\/","name":"Ambulante Betreuung - Stiftung Ecksberg","isPartOf":{"@id":"https:\/\/www.ecksberg.de\/es\/#website"},"primaryImageOfPage":{"@id":"https:\/\/www.ecksberg.de\/es\/wohnen-freizeit\/wohnen-fuer-menschen-mit-einer-geistigen-behinderung\/ambulante-betreuung\/#primaryimage"},"image":{"@id":"https:\/\/www.ecksberg.de\/es\/wohnen-freizeit\/wohnen-fuer-menschen-mit-einer-geistigen-behinderung\/ambulante-betreuung\/#primaryimage"},"thumbnailUrl":"http:\/\/www.ecksberg.de\/media\/183-150x150.jpg","datePublished":"2016-09-12T14:04:22+00:00","dateModified":"2024-01-23T09:56:42+00:00","breadcrumb":{"@id":"https:\/\/www.ecksberg.de\/es\/wohnen-freizeit\/wohnen-fuer-menschen-mit-einer-geistigen-behinderung\/ambulante-betreuung\/#breadcrumb"},"inLanguage":"eisp","potentialAction":[{"@type":"ReadAction","target":["https:\/\/www.ecksberg.de\/es\/wohnen-freizeit\/wohnen-fuer-menschen-mit-einer-geistigen-behinderung\/ambulante-betreuung\/"]}]},{"@type":"ImageObject","inLanguage":"eisp","@id":"https:\/\/www.ecksberg.de\/es\/wohnen-freizeit\/wohnen-fuer-menschen-mit-einer-geistigen-behinderung\/ambulante-betreuung\/#primaryimage","url":"http:\/\/www.ecksberg.de\/media\/183-150x150.jpg","contentUrl":"http:\/\/www.ecksberg.de\/media\/183-150x150.jpg"},{"@type":"BreadcrumbList","@id":"https:\/\/www.ecksberg.de\/es\/wohnen-freizeit\/wohnen-fuer-menschen-mit-einer-geistigen-behinderung\/ambulante-betreuung\/#breadcrumb","itemListElement":[{"@type":"ListItem","position":1,"name":"Home","item":"https:\/\/www.ecksberg.de\/es\/"},{"@type":"ListItem","position":2,"name":"Wohnen &#038; Freizeit","item":"https:\/\/www.ecksberg.de\/es\/wohnen-freizeit\/"},{"@type":"ListItem","position":3,"name":"Wohnen f\u00fcr Menschen mit einer geistigen Behinderung","item":"https:\/\/www.ecksberg.de\/es\/wohnen-freizeit\/wohnen-fuer-menschen-mit-einer-geistigen-behinderung\/"},{"@type":"ListItem","position":4,"name":"Ambulante Betreuung"}]},{"@type":"WebSite","@id":"https:\/\/www.ecksberg.de\/es\/#website","url":"https:\/\/www.ecksberg.de\/es\/","name":"Stiftung Ecksberg","description":"Tr\u00e4ger sozialer Einrichtungen und Dienste","potentialAction":[{"@type":"SearchAction","target":{"@type":"EntryPoint","urlTemplate":"https:\/\/www.ecksberg.de\/es\/?s={search_term_string}"},"query-input":{"@type":"PropertyValueSpecification","valueRequired":true,"valueName":"search_term_string"}}],"inLanguage":"eisp"}]}},"publishpress_future_action":{"enabled":false,"date":"2026-04-21 12:24:43","action":"change-status","newStatus":"draft","terms":[],"taxonomy":"translation_priority","extraData":[]},"publishpress_future_workflow_manual_trigger":{"enabledWorkflows":[]},"_links":{"self":[{"href":"https:\/\/www.ecksberg.de\/es\/wp-json\/wp\/v2\/pages\/7421","targetHints":{"allow":["GET"]}}],"collection":[{"href":"https:\/\/www.ecksberg.de\/es\/wp-json\/wp\/v2\/pages"}],"about":[{"href":"https:\/\/www.ecksberg.de\/es\/wp-json\/wp\/v2\/types\/page"}],"author":[{"embeddable":true,"href":"https:\/\/www.ecksberg.de\/es\/wp-json\/wp\/v2\/users\/2"}],"replies":[{"embeddable":true,"href":"https:\/\/www.ecksberg.de\/es\/wp-json\/wp\/v2\/comments?post=7421"}],"version-history":[{"count":15,"href":"https:\/\/www.ecksberg.de\/es\/wp-json\/wp\/v2\/pages\/7421\/revisions"}],"predecessor-version":[{"id":23153,"href":"https:\/\/www.ecksberg.de\/es\/wp-json\/wp\/v2\/pages\/7421\/revisions\/23153"}],"up":[{"embeddable":true,"href":"https:\/\/www.ecksberg.de\/es\/wp-json\/wp\/v2\/pages\/7239"}],"wp:attachment":[{"href":"https:\/\/www.ecksberg.de\/es\/wp-json\/wp\/v2\/media?parent=7421"}],"curies":[{"name":"wp","href":"https:\/\/api.w.org\/{rel}","templated":true}]}}