{"id":7413,"date":"2016-11-22T14:44:30","date_gmt":"2016-11-22T13:44:30","guid":{"rendered":"http:\/\/wordpress.p368333.webspaceconfig.de\/es\/musik-2\/"},"modified":"2024-01-23T10:56:42","modified_gmt":"2024-01-23T09:56:42","slug":"musik-2","status":"publish","type":"page","link":"https:\/\/www.ecksberg.de\/es\/musik-2\/","title":{"rendered":"Musik"},"content":{"rendered":"<section class=\"l-section wpb_row height_medium\"><div class=\"l-section-h i-cf\"><div class=\"g-cols vc_row via_grid cols_1 laptops-cols_inherit tablets-cols_inherit mobiles-cols_1 valign_top type_default stacking_default\"><div class=\"wpb_column vc_column_container\"><div class=\"vc_column-inner\"><div class=\"wpb_text_column\"><div class=\"wpb_wrapper\"><h3>m f G &#8211; mit freundlichen Gr\u00fc\u00dfen<\/h3>\n<h6><a ref=\"magnificPopup\" href=\"http:\/\/www.ecksberg.de\/media\/20161127_153151_geschnitten.jpg\"><img decoding=\"async\" class=\"alignleft size-medium wp-image-7684\" src=\"http:\/\/www.ecksberg.de\/media\/20161127_153151_geschnitten-300x199.jpg\" alt=\"20161127_153151_geschnitten\" width=\"300\" height=\"199\" srcset=\"https:\/\/www.ecksberg.de\/media\/20161127_153151_geschnitten-300x199.jpg 300w, https:\/\/www.ecksberg.de\/media\/20161127_153151_geschnitten-600x400.jpg 600w, https:\/\/www.ecksberg.de\/media\/20161127_153151_geschnitten-1024x679.jpg 1024w, https:\/\/www.ecksberg.de\/media\/20161127_153151_geschnitten.jpg 1083w\" sizes=\"(max-width: 300px) 100vw, 300px\" \/><\/a>Wir sind die Band mfG.<\/h6>\n<h6>Gemeinsam haben wir Spa\u00df beim Musik machen.<\/h6>\n<h6>Wir spielen auf Festen und gestalten Gottesdienste.<\/h6>\n<h6>Wer ein Instrument spielen oder gut singen kann, der kann bei uns gerne mitmachen.<\/h6>\n<\/div><\/div><div class=\"w-separator size_custom\" style=\"height:32px\"><\/div><div class=\"wpb_text_column\"><div class=\"wpb_wrapper\"><h6><strong>Christian Thalhammer\u00a0<\/strong><\/h6>\n<h6>Kontakt:<br \/>\nTelefonnummer.: 08631\/617335<br \/>\nE-Mailadresse:\u00a0<a href=\"mailto:gruppe35@ecksberg.de\">gruppe35@ecksberg.de<\/a><\/h6>\n<\/div><\/div><\/div><\/div><\/div><\/div><\/section>\n","protected":false},"excerpt":{"rendered":"m f G &#8211; mit freundlichen Gr\u00fc\u00dfen Wir sind die Band mfG. Gemeinsam haben wir Spa\u00df beim Musik machen. Wir spielen auf Festen und gestalten Gottesdienste. Wer ein Instrument spielen...","protected":false},"author":2,"featured_media":0,"parent":0,"menu_order":20,"comment_status":"closed","ping_status":"closed","template":"","meta":{"_acf_changed":false,"footnotes":""},"class_list":["post-7413","page","type-page","status-publish","hentry"],"acf":[],"yoast_head":"<!-- This site is optimized with the Yoast SEO plugin v26.5 - https:\/\/yoast.com\/wordpress\/plugins\/seo\/ -->\n<title>Musik - Stiftung Ecksberg<\/title>\n<meta name=\"robots\" content=\"index, follow, max-snippet:-1, max-image-preview:large, max-video-preview:-1\" \/>\n<link rel=\"canonical\" href=\"https:\/\/www.ecksberg.de\/es\/musik-2\/\" \/>\n<meta property=\"og:locale\" content=\"en_US\" \/>\n<meta property=\"og:type\" content=\"article\" \/>\n<meta property=\"og:title\" content=\"Musik - Stiftung Ecksberg\" \/>\n<meta property=\"og:url\" content=\"https:\/\/www.ecksberg.de\/es\/musik-2\/\" \/>\n<meta property=\"og:site_name\" content=\"Stiftung Ecksberg\" \/>\n<meta property=\"article:modified_time\" content=\"2024-01-23T09:56:42+00:00\" \/>\n<meta property=\"og:image\" content=\"http:\/\/www.ecksberg.de\/media\/20161127_153151_geschnitten-300x199.jpg\" \/>\n<meta name=\"twitter:card\" content=\"summary_large_image\" \/>\n<script type=\"application\/ld+json\" class=\"yoast-schema-graph\">{\"@context\":\"https:\/\/schema.org\",\"@graph\":[{\"@type\":\"WebPage\",\"@id\":\"https:\/\/www.ecksberg.de\/es\/musik-2\/\",\"url\":\"https:\/\/www.ecksberg.de\/es\/musik-2\/\",\"name\":\"Musik - Stiftung Ecksberg\",\"isPartOf\":{\"@id\":\"https:\/\/www.ecksberg.de\/es\/#website\"},\"primaryImageOfPage\":{\"@id\":\"https:\/\/www.ecksberg.de\/es\/musik-2\/#primaryimage\"},\"image\":{\"@id\":\"https:\/\/www.ecksberg.de\/es\/musik-2\/#primaryimage\"},\"thumbnailUrl\":\"http:\/\/www.ecksberg.de\/media\/20161127_153151_geschnitten-300x199.jpg\",\"datePublished\":\"2016-11-22T13:44:30+00:00\",\"dateModified\":\"2024-01-23T09:56:42+00:00\",\"breadcrumb\":{\"@id\":\"https:\/\/www.ecksberg.de\/es\/musik-2\/#breadcrumb\"},\"inLanguage\":\"eisp\",\"potentialAction\":[{\"@type\":\"ReadAction\",\"target\":[\"https:\/\/www.ecksberg.de\/es\/musik-2\/\"]}]},{\"@type\":\"ImageObject\",\"inLanguage\":\"eisp\",\"@id\":\"https:\/\/www.ecksberg.de\/es\/musik-2\/#primaryimage\",\"url\":\"http:\/\/www.ecksberg.de\/media\/20161127_153151_geschnitten-300x199.jpg\",\"contentUrl\":\"http:\/\/www.ecksberg.de\/media\/20161127_153151_geschnitten-300x199.jpg\"},{\"@type\":\"BreadcrumbList\",\"@id\":\"https:\/\/www.ecksberg.de\/es\/musik-2\/#breadcrumb\",\"itemListElement\":[{\"@type\":\"ListItem\",\"position\":1,\"name\":\"Home\",\"item\":\"https:\/\/www.ecksberg.de\/es\/?page_id=29896\"},{\"@type\":\"ListItem\",\"position\":2,\"name\":\"Musik\"}]},{\"@type\":\"WebSite\",\"@id\":\"https:\/\/www.ecksberg.de\/es\/#website\",\"url\":\"https:\/\/www.ecksberg.de\/es\/\",\"name\":\"Stiftung Ecksberg\",\"description\":\"Tr\u00e4ger sozialer Einrichtungen und Dienste\",\"potentialAction\":[{\"@type\":\"SearchAction\",\"target\":{\"@type\":\"EntryPoint\",\"urlTemplate\":\"https:\/\/www.ecksberg.de\/es\/?s={search_term_string}\"},\"query-input\":{\"@type\":\"PropertyValueSpecification\",\"valueRequired\":true,\"valueName\":\"search_term_string\"}}],\"inLanguage\":\"eisp\"}]}<\/script>\n<!-- \/ Yoast SEO plugin. -->","yoast_head_json":{"title":"Musik - Stiftung Ecksberg","robots":{"index":"index","follow":"follow","max-snippet":"max-snippet:-1","max-image-preview":"max-image-preview:large","max-video-preview":"max-video-preview:-1"},"canonical":"https:\/\/www.ecksberg.de\/es\/musik-2\/","og_locale":"en_US","og_type":"article","og_title":"Musik - Stiftung Ecksberg","og_url":"https:\/\/www.ecksberg.de\/es\/musik-2\/","og_site_name":"Stiftung Ecksberg","article_modified_time":"2024-01-23T09:56:42+00:00","og_image":[{"url":"http:\/\/www.ecksberg.de\/media\/20161127_153151_geschnitten-300x199.jpg","type":"","width":"","height":""}],"twitter_card":"summary_large_image","schema":{"@context":"https:\/\/schema.org","@graph":[{"@type":"WebPage","@id":"https:\/\/www.ecksberg.de\/es\/musik-2\/","url":"https:\/\/www.ecksberg.de\/es\/musik-2\/","name":"Musik - Stiftung Ecksberg","isPartOf":{"@id":"https:\/\/www.ecksberg.de\/es\/#website"},"primaryImageOfPage":{"@id":"https:\/\/www.ecksberg.de\/es\/musik-2\/#primaryimage"},"image":{"@id":"https:\/\/www.ecksberg.de\/es\/musik-2\/#primaryimage"},"thumbnailUrl":"http:\/\/www.ecksberg.de\/media\/20161127_153151_geschnitten-300x199.jpg","datePublished":"2016-11-22T13:44:30+00:00","dateModified":"2024-01-23T09:56:42+00:00","breadcrumb":{"@id":"https:\/\/www.ecksberg.de\/es\/musik-2\/#breadcrumb"},"inLanguage":"eisp","potentialAction":[{"@type":"ReadAction","target":["https:\/\/www.ecksberg.de\/es\/musik-2\/"]}]},{"@type":"ImageObject","inLanguage":"eisp","@id":"https:\/\/www.ecksberg.de\/es\/musik-2\/#primaryimage","url":"http:\/\/www.ecksberg.de\/media\/20161127_153151_geschnitten-300x199.jpg","contentUrl":"http:\/\/www.ecksberg.de\/media\/20161127_153151_geschnitten-300x199.jpg"},{"@type":"BreadcrumbList","@id":"https:\/\/www.ecksberg.de\/es\/musik-2\/#breadcrumb","itemListElement":[{"@type":"ListItem","position":1,"name":"Home","item":"https:\/\/www.ecksberg.de\/es\/?page_id=29896"},{"@type":"ListItem","position":2,"name":"Musik"}]},{"@type":"WebSite","@id":"https:\/\/www.ecksberg.de\/es\/#website","url":"https:\/\/www.ecksberg.de\/es\/","name":"Stiftung Ecksberg","description":"Tr\u00e4ger sozialer Einrichtungen und Dienste","potentialAction":[{"@type":"SearchAction","target":{"@type":"EntryPoint","urlTemplate":"https:\/\/www.ecksberg.de\/es\/?s={search_term_string}"},"query-input":{"@type":"PropertyValueSpecification","valueRequired":true,"valueName":"search_term_string"}}],"inLanguage":"eisp"}]}},"publishpress_future_action":{"enabled":false,"date":"2026-05-24 20:06:54","action":"change-status","newStatus":"draft","terms":[],"taxonomy":"translation_priority","extraData":[]},"publishpress_future_workflow_manual_trigger":{"enabledWorkflows":[]},"_links":{"self":[{"href":"https:\/\/www.ecksberg.de\/es\/wp-json\/wp\/v2\/pages\/7413","targetHints":{"allow":["GET"]}}],"collection":[{"href":"https:\/\/www.ecksberg.de\/es\/wp-json\/wp\/v2\/pages"}],"about":[{"href":"https:\/\/www.ecksberg.de\/es\/wp-json\/wp\/v2\/types\/page"}],"author":[{"embeddable":true,"href":"https:\/\/www.ecksberg.de\/es\/wp-json\/wp\/v2\/users\/2"}],"replies":[{"embeddable":true,"href":"https:\/\/www.ecksberg.de\/es\/wp-json\/wp\/v2\/comments?post=7413"}],"version-history":[{"count":6,"href":"https:\/\/www.ecksberg.de\/es\/wp-json\/wp\/v2\/pages\/7413\/revisions"}],"predecessor-version":[{"id":23152,"href":"https:\/\/www.ecksberg.de\/es\/wp-json\/wp\/v2\/pages\/7413\/revisions\/23152"}],"wp:attachment":[{"href":"https:\/\/www.ecksberg.de\/es\/wp-json\/wp\/v2\/media?parent=7413"}],"curies":[{"name":"wp","href":"https:\/\/api.w.org\/{rel}","templated":true}]}}