{"id":7400,"date":"2016-09-13T10:50:44","date_gmt":"2016-09-13T08:50:44","guid":{"rendered":"http:\/\/wordpress.p368333.webspaceconfig.de\/es\/offene-und-ambulante-angebote\/betreutes-wohnen-in-familien\/"},"modified":"2024-03-27T13:10:16","modified_gmt":"2024-03-27T12:10:16","slug":"betreutes-wohnen-in-familien","status":"publish","type":"page","link":"https:\/\/www.ecksberg.de\/es\/beratung-begegnung\/offene-und-ambulante-angebote\/betreutes-wohnen-in-familien\/","title":{"rendered":"Betreutes Wohnen in Familien"},"content":{"rendered":"<section class=\"l-section wpb_row height_medium\"><div class=\"l-section-h i-cf\"><div class=\"g-cols vc_row via_grid cols_1 laptops-cols_inherit tablets-cols_inherit mobiles-cols_1 valign_top type_default stacking_default\"><div class=\"wpb_column vc_column_container\"><div class=\"vc_column-inner\"><div class=\"wpb_text_column\"><div class=\"wpb_wrapper\"><p><a ref=\"magnificPopup\" href=\"http:\/\/www.ecksberg.de\/media\/Heilpaedagogin_14_28_Diplom.jpg\"><img decoding=\"async\" class=\"alignright wp-image-8829 size-medium\" src=\"http:\/\/www.ecksberg.de\/media\/Heilpaedagogin_14_28_Diplom-300x206.jpg\" width=\"300\" height=\"206\" srcset=\"https:\/\/www.ecksberg.de\/media\/Heilpaedagogin_14_28_Diplom-300x206.jpg 300w, https:\/\/www.ecksberg.de\/media\/Heilpaedagogin_14_28_Diplom-600x412.jpg 600w, https:\/\/www.ecksberg.de\/media\/Heilpaedagogin_14_28_Diplom.jpg 1024w\" sizes=\"(max-width: 300px) 100vw, 300px\" \/><\/a><\/p>\n<h3>Was ist betreutes Wohnen in Familien?<\/h3>\n<h6>Erwachsene Menschen mit Behinderung leben in einer Familie.<\/h6>\n<h6>Diese Familie hei\u00dft Gastfamilie, weil es nicht die elterliche Familie ist.<\/h6>\n<h6>Das Leben in der Gastfamilie ist trotzdem ein richtiges Zuhause.<\/h6>\n<h6>Man bekommt dort ein eigenes Zimmer.<\/h6>\n<h6>Man kann auch in der Freizeit etwas mit der Gastfamilie unternehmen.<\/h6>\n<\/div><\/div><div class=\"wpb_text_column\"><div class=\"wpb_wrapper\"><h3>Die Gastfamilie unterst\u00fctzt bei:<\/h3>\n<\/div><\/div><div class=\"wpb_text_column\"><div class=\"wpb_wrapper\"><h3>Der Gast und die Gastfamilie werden von Mitarbeitern der Stiftung Ecksberg unterst\u00fctzt:<\/h3>\n<\/div><\/div><div class=\"wpb_text_column\"><div class=\"wpb_wrapper\"><h3>M\u00f6chten Sie gerne Gast werden?<\/h3>\n<h6>Dann rufen Sie uns an: 08631\/98 69 92 5<\/h6>\n<h6>N\u00e4here Informationen \u00fcber die OBA-Kontaktstelle der Stiftung Ecksberg, M\u00fcnchener Str. 86, 84453 M\u00fchldorf.<\/h6>\n<\/div><\/div><\/div><\/div><\/div><\/div><\/section><section class=\"l-section wpb_row height_medium\"><div class=\"l-section-h i-cf\"><div class=\"g-cols vc_row via_grid cols_2 laptops-cols_inherit tablets-cols_inherit mobiles-cols_1 valign_top type_default stacking_default\"><div class=\"wpb_column vc_column_container\"><div class=\"vc_column-inner\"><div class=\"w-separator size_custom\" style=\"height:32px\"><\/div><div class=\"wpb_text_column\"><div class=\"wpb_wrapper\"><h6><strong><a ref=\"magnificPopup\" href=\"https:\/\/www.ecksberg.de\/media\/Foto-Frau-Bauer-1.jpg\"><img decoding=\"async\" class=\"alignnone wp-image-17137\" src=\"https:\/\/www.ecksberg.de\/media\/Foto-Frau-Bauer-1.jpg\" alt=\"\" width=\"140\" height=\"187\" \/><\/a><\/strong><\/h6>\n<h6><strong>Manuela Bauer<br \/>\n<\/strong><\/h6>\n<h6>Kontakt:<br \/>\nTelefonnummer: 08631\/98474-10<br \/>\nFaxnummer: 08631\/98474-13<br \/>\nE-Mailadresse: <a href=\"mailto:Manuela.Bauer@ecksberg.de\">Manuela.Bauer@ecksberg.de<\/a><\/h6>\n<\/div><\/div><\/div><\/div><\/div><\/div><\/section>\n","protected":false},"excerpt":{"rendered":"Was ist betreutes Wohnen in Familien? Erwachsene Menschen mit Behinderung leben in einer Familie. Diese Familie hei\u00dft Gastfamilie, weil es nicht die elterliche Familie ist. Das Leben in der Gastfamilie...","protected":false},"author":2,"featured_media":0,"parent":7361,"menu_order":50,"comment_status":"closed","ping_status":"closed","template":"","meta":{"_acf_changed":false,"footnotes":""},"class_list":["post-7400","page","type-page","status-publish","hentry"],"acf":[],"yoast_head":"<!-- This site is optimized with the Yoast SEO plugin v26.5 - https:\/\/yoast.com\/wordpress\/plugins\/seo\/ -->\n<title>Betreutes Wohnen in Familien - Stiftung Ecksberg<\/title>\n<meta name=\"robots\" content=\"index, follow, max-snippet:-1, max-image-preview:large, max-video-preview:-1\" \/>\n<link rel=\"canonical\" href=\"https:\/\/www.ecksberg.de\/beratung-begegnung\/offene-und-ambulante-angebote\/begleitetes-wohnen-in-familien\/\" \/>\n<meta property=\"og:locale\" content=\"en_US\" \/>\n<meta property=\"og:type\" content=\"article\" \/>\n<meta property=\"og:title\" content=\"Betreutes Wohnen in Familien - Stiftung Ecksberg\" \/>\n<meta property=\"og:url\" content=\"https:\/\/www.ecksberg.de\/beratung-begegnung\/offene-und-ambulante-angebote\/begleitetes-wohnen-in-familien\/\" \/>\n<meta property=\"og:site_name\" content=\"Stiftung Ecksberg\" \/>\n<meta property=\"article:modified_time\" content=\"2024-03-27T12:10:16+00:00\" \/>\n<meta property=\"og:image\" content=\"http:\/\/www.ecksberg.de\/media\/Heilpaedagogin_14_28_Diplom-300x206.jpg\" \/>\n<meta name=\"twitter:card\" content=\"summary_large_image\" \/>\n<meta name=\"twitter:label1\" content=\"Est. reading time\" \/>\n\t<meta name=\"twitter:data1\" content=\"1 minute\" \/>\n<script type=\"application\/ld+json\" class=\"yoast-schema-graph\">{\"@context\":\"https:\/\/schema.org\",\"@graph\":[{\"@type\":\"WebPage\",\"@id\":\"https:\/\/www.ecksberg.de\/beratung-begegnung\/offene-und-ambulante-angebote\/begleitetes-wohnen-in-familien\/\",\"url\":\"https:\/\/www.ecksberg.de\/beratung-begegnung\/offene-und-ambulante-angebote\/begleitetes-wohnen-in-familien\/\",\"name\":\"Betreutes Wohnen in Familien - Stiftung Ecksberg\",\"isPartOf\":{\"@id\":\"https:\/\/www.ecksberg.de\/es\/#website\"},\"primaryImageOfPage\":{\"@id\":\"https:\/\/www.ecksberg.de\/beratung-begegnung\/offene-und-ambulante-angebote\/begleitetes-wohnen-in-familien\/#primaryimage\"},\"image\":{\"@id\":\"https:\/\/www.ecksberg.de\/beratung-begegnung\/offene-und-ambulante-angebote\/begleitetes-wohnen-in-familien\/#primaryimage\"},\"thumbnailUrl\":\"http:\/\/www.ecksberg.de\/media\/Heilpaedagogin_14_28_Diplom-300x206.jpg\",\"datePublished\":\"2016-09-13T08:50:44+00:00\",\"dateModified\":\"2024-03-27T12:10:16+00:00\",\"breadcrumb\":{\"@id\":\"https:\/\/www.ecksberg.de\/beratung-begegnung\/offene-und-ambulante-angebote\/begleitetes-wohnen-in-familien\/#breadcrumb\"},\"inLanguage\":\"eisp\",\"potentialAction\":[{\"@type\":\"ReadAction\",\"target\":[\"https:\/\/www.ecksberg.de\/beratung-begegnung\/offene-und-ambulante-angebote\/begleitetes-wohnen-in-familien\/\"]}]},{\"@type\":\"ImageObject\",\"inLanguage\":\"eisp\",\"@id\":\"https:\/\/www.ecksberg.de\/beratung-begegnung\/offene-und-ambulante-angebote\/begleitetes-wohnen-in-familien\/#primaryimage\",\"url\":\"http:\/\/www.ecksberg.de\/media\/Heilpaedagogin_14_28_Diplom-300x206.jpg\",\"contentUrl\":\"http:\/\/www.ecksberg.de\/media\/Heilpaedagogin_14_28_Diplom-300x206.jpg\"},{\"@type\":\"BreadcrumbList\",\"@id\":\"https:\/\/www.ecksberg.de\/beratung-begegnung\/offene-und-ambulante-angebote\/begleitetes-wohnen-in-familien\/#breadcrumb\",\"itemListElement\":[{\"@type\":\"ListItem\",\"position\":1,\"name\":\"Home\",\"item\":\"https:\/\/www.ecksberg.de\/es\/\"},{\"@type\":\"ListItem\",\"position\":2,\"name\":\"Beratung &#038; Begegnung\",\"item\":\"https:\/\/www.ecksberg.de\/beratung-begegnung\/\"},{\"@type\":\"ListItem\",\"position\":3,\"name\":\"Offene und ambulante Angebote\",\"item\":\"https:\/\/www.ecksberg.de\/beratung-begegnung\/offene-und-ambulante-angebote\/\"},{\"@type\":\"ListItem\",\"position\":4,\"name\":\"Betreutes Wohnen in Familien\"}]},{\"@type\":\"WebSite\",\"@id\":\"https:\/\/www.ecksberg.de\/es\/#website\",\"url\":\"https:\/\/www.ecksberg.de\/es\/\",\"name\":\"Stiftung Ecksberg\",\"description\":\"Tr\u00e4ger sozialer Einrichtungen und Dienste\",\"potentialAction\":[{\"@type\":\"SearchAction\",\"target\":{\"@type\":\"EntryPoint\",\"urlTemplate\":\"https:\/\/www.ecksberg.de\/es\/?s={search_term_string}\"},\"query-input\":{\"@type\":\"PropertyValueSpecification\",\"valueRequired\":true,\"valueName\":\"search_term_string\"}}],\"inLanguage\":\"eisp\"}]}<\/script>\n<!-- \/ Yoast SEO plugin. -->","yoast_head_json":{"title":"Betreutes Wohnen in Familien - Stiftung Ecksberg","robots":{"index":"index","follow":"follow","max-snippet":"max-snippet:-1","max-image-preview":"max-image-preview:large","max-video-preview":"max-video-preview:-1"},"canonical":"https:\/\/www.ecksberg.de\/beratung-begegnung\/offene-und-ambulante-angebote\/begleitetes-wohnen-in-familien\/","og_locale":"en_US","og_type":"article","og_title":"Betreutes Wohnen in Familien - Stiftung Ecksberg","og_url":"https:\/\/www.ecksberg.de\/beratung-begegnung\/offene-und-ambulante-angebote\/begleitetes-wohnen-in-familien\/","og_site_name":"Stiftung Ecksberg","article_modified_time":"2024-03-27T12:10:16+00:00","og_image":[{"url":"http:\/\/www.ecksberg.de\/media\/Heilpaedagogin_14_28_Diplom-300x206.jpg","type":"","width":"","height":""}],"twitter_card":"summary_large_image","twitter_misc":{"Est. reading time":"1 minute"},"schema":{"@context":"https:\/\/schema.org","@graph":[{"@type":"WebPage","@id":"https:\/\/www.ecksberg.de\/beratung-begegnung\/offene-und-ambulante-angebote\/begleitetes-wohnen-in-familien\/","url":"https:\/\/www.ecksberg.de\/beratung-begegnung\/offene-und-ambulante-angebote\/begleitetes-wohnen-in-familien\/","name":"Betreutes Wohnen in Familien - Stiftung Ecksberg","isPartOf":{"@id":"https:\/\/www.ecksberg.de\/es\/#website"},"primaryImageOfPage":{"@id":"https:\/\/www.ecksberg.de\/beratung-begegnung\/offene-und-ambulante-angebote\/begleitetes-wohnen-in-familien\/#primaryimage"},"image":{"@id":"https:\/\/www.ecksberg.de\/beratung-begegnung\/offene-und-ambulante-angebote\/begleitetes-wohnen-in-familien\/#primaryimage"},"thumbnailUrl":"http:\/\/www.ecksberg.de\/media\/Heilpaedagogin_14_28_Diplom-300x206.jpg","datePublished":"2016-09-13T08:50:44+00:00","dateModified":"2024-03-27T12:10:16+00:00","breadcrumb":{"@id":"https:\/\/www.ecksberg.de\/beratung-begegnung\/offene-und-ambulante-angebote\/begleitetes-wohnen-in-familien\/#breadcrumb"},"inLanguage":"eisp","potentialAction":[{"@type":"ReadAction","target":["https:\/\/www.ecksberg.de\/beratung-begegnung\/offene-und-ambulante-angebote\/begleitetes-wohnen-in-familien\/"]}]},{"@type":"ImageObject","inLanguage":"eisp","@id":"https:\/\/www.ecksberg.de\/beratung-begegnung\/offene-und-ambulante-angebote\/begleitetes-wohnen-in-familien\/#primaryimage","url":"http:\/\/www.ecksberg.de\/media\/Heilpaedagogin_14_28_Diplom-300x206.jpg","contentUrl":"http:\/\/www.ecksberg.de\/media\/Heilpaedagogin_14_28_Diplom-300x206.jpg"},{"@type":"BreadcrumbList","@id":"https:\/\/www.ecksberg.de\/beratung-begegnung\/offene-und-ambulante-angebote\/begleitetes-wohnen-in-familien\/#breadcrumb","itemListElement":[{"@type":"ListItem","position":1,"name":"Home","item":"https:\/\/www.ecksberg.de\/es\/"},{"@type":"ListItem","position":2,"name":"Beratung &#038; Begegnung","item":"https:\/\/www.ecksberg.de\/beratung-begegnung\/"},{"@type":"ListItem","position":3,"name":"Offene und ambulante Angebote","item":"https:\/\/www.ecksberg.de\/beratung-begegnung\/offene-und-ambulante-angebote\/"},{"@type":"ListItem","position":4,"name":"Betreutes Wohnen in Familien"}]},{"@type":"WebSite","@id":"https:\/\/www.ecksberg.de\/es\/#website","url":"https:\/\/www.ecksberg.de\/es\/","name":"Stiftung Ecksberg","description":"Tr\u00e4ger sozialer Einrichtungen und Dienste","potentialAction":[{"@type":"SearchAction","target":{"@type":"EntryPoint","urlTemplate":"https:\/\/www.ecksberg.de\/es\/?s={search_term_string}"},"query-input":{"@type":"PropertyValueSpecification","valueRequired":true,"valueName":"search_term_string"}}],"inLanguage":"eisp"}]}},"publishpress_future_action":{"enabled":false,"date":"2026-04-21 10:39:11","action":"change-status","newStatus":"draft","terms":[],"taxonomy":"translation_priority","extraData":[]},"publishpress_future_workflow_manual_trigger":{"enabledWorkflows":[]},"_links":{"self":[{"href":"https:\/\/www.ecksberg.de\/es\/wp-json\/wp\/v2\/pages\/7400","targetHints":{"allow":["GET"]}}],"collection":[{"href":"https:\/\/www.ecksberg.de\/es\/wp-json\/wp\/v2\/pages"}],"about":[{"href":"https:\/\/www.ecksberg.de\/es\/wp-json\/wp\/v2\/types\/page"}],"author":[{"embeddable":true,"href":"https:\/\/www.ecksberg.de\/es\/wp-json\/wp\/v2\/users\/2"}],"replies":[{"embeddable":true,"href":"https:\/\/www.ecksberg.de\/es\/wp-json\/wp\/v2\/comments?post=7400"}],"version-history":[{"count":13,"href":"https:\/\/www.ecksberg.de\/es\/wp-json\/wp\/v2\/pages\/7400\/revisions"}],"predecessor-version":[{"id":23704,"href":"https:\/\/www.ecksberg.de\/es\/wp-json\/wp\/v2\/pages\/7400\/revisions\/23704"}],"up":[{"embeddable":true,"href":"https:\/\/www.ecksberg.de\/es\/wp-json\/wp\/v2\/pages\/7361"}],"wp:attachment":[{"href":"https:\/\/www.ecksberg.de\/es\/wp-json\/wp\/v2\/media?parent=7400"}],"curies":[{"name":"wp","href":"https:\/\/api.w.org\/{rel}","templated":true}]}}