{"id":7366,"date":"2016-09-13T10:48:30","date_gmt":"2016-09-13T08:48:30","guid":{"rendered":"http:\/\/wordpress.p368333.webspaceconfig.de\/es\/offene-und-ambulante-angebote\/familienentlastender-dienst\/"},"modified":"2025-08-29T12:33:21","modified_gmt":"2025-08-29T10:33:21","slug":"familienentlastender-dienst","status":"publish","type":"page","link":"https:\/\/www.ecksberg.de\/es\/beratung-begegnung\/offene-und-ambulante-angebote\/familienentlastender-dienst\/","title":{"rendered":"Familienentlastender Dienst"},"content":{"rendered":"<section class=\"l-section wpb_row height_medium\"><div class=\"l-section-h i-cf\"><div class=\"g-cols vc_row via_grid cols_1 laptops-cols_inherit tablets-cols_inherit mobiles-cols_1 valign_top type_default stacking_default\"><div class=\"wpb_column vc_column_container\"><div class=\"vc_column-inner\"><div class=\"wpb_text_column\"><div class=\"wpb_wrapper\"><figure id=\"attachment_8770\" aria-describedby=\"caption-attachment-8770\" style=\"width: 300px\" class=\"wp-caption alignleft\"><a ref=\"magnificPopup\" href=\"http:\/\/www.ecksberg.de\/media\/Altenpflegerin_54_07-1.jpg\"><img decoding=\"async\" class=\"size-medium wp-image-8770\" src=\"http:\/\/www.ecksberg.de\/media\/Altenpflegerin_54_07-1-300x206.jpg\" alt=\"DCV\/KNA\" width=\"300\" height=\"206\" srcset=\"https:\/\/www.ecksberg.de\/media\/Altenpflegerin_54_07-1-300x206.jpg 300w, https:\/\/www.ecksberg.de\/media\/Altenpflegerin_54_07-1-600x412.jpg 600w, https:\/\/www.ecksberg.de\/media\/Altenpflegerin_54_07-1.jpg 1024w\" sizes=\"(max-width: 300px) 100vw, 300px\" \/><\/a><figcaption id=\"caption-attachment-8770\" class=\"wp-caption-text\">DCV\/KNA<\/figcaption><\/figure>\n<h6>Der Familienentlastende Dienst unterst\u00fctzt Familien, in denen behinderte oder pflegebed\u00fcrftige Menschen leben.<\/h6>\n<h6>Der Familienentlastende Dienst stellt eine Ersatzperson zur Verf\u00fcgung, wenn die Familie Unterst\u00fctzung ben\u00f6tigt.<\/h6>\n<h6>Die Ersatzperson kommt nach Hause.<\/h6>\n<h3>\u00a0<\/h3>\n<h3>Konkrete Leistungen:<\/h3>\n<\/div><\/div><div class=\"wpb_text_column\"><div class=\"wpb_wrapper\"><h6>Sie finden uns in unserer OBA-Kontaktstelle in der M\u00fcnchener Str. 86, 84453 M\u00fchldorf<\/h6>\n<\/div><\/div><\/div><\/div><\/div><\/div><\/section><section class=\"l-section wpb_row height_medium\"><div class=\"l-section-h i-cf\"><div class=\"g-cols vc_row via_grid cols_2 laptops-cols_inherit tablets-cols_inherit mobiles-cols_1 valign_top type_default stacking_default\"><div class=\"wpb_column vc_column_container\"><div class=\"vc_column-inner\"><div class=\"wpb_text_column\"><div class=\"wpb_wrapper\"><h6><img decoding=\"async\" class=\"alignnone wp-image-24446\" src=\"https:\/\/www.ecksberg.de\/media\/1000043861.jpg\" alt=\"\" width=\"150\" height=\"167\" srcset=\"https:\/\/www.ecksberg.de\/media\/1000043861.jpg 1823w, https:\/\/www.ecksberg.de\/media\/1000043861-269x300.jpg 269w, https:\/\/www.ecksberg.de\/media\/1000043861-919x1024.jpg 919w, https:\/\/www.ecksberg.de\/media\/1000043861-768x856.jpg 768w, https:\/\/www.ecksberg.de\/media\/1000043861-600x668.jpg 600w\" sizes=\"(max-width: 150px) 100vw, 150px\" \/><\/h6>\n<h6><strong>Stefanie Ebentheuer <\/strong><\/h6>\n<h6>Kontakt:<\/h6>\n<h6>Tel. 08631\/98474-25<\/h6>\n<h6>E-Mail: <a>stefanie.ebentheuer@ecksberg.de<\/a><\/h6>\n<h6>\u00a0<\/h6>\n<\/div><\/div><\/div><\/div><\/div><\/div><\/section>\n","protected":false},"excerpt":{"rendered":"DCV\/KNA Der Familienentlastende Dienst unterst\u00fctzt Familien, in denen behinderte oder pflegebed\u00fcrftige Menschen leben. Der Familienentlastende Dienst stellt eine Ersatzperson zur Verf\u00fcgung, wenn die Familie Unterst\u00fctzung ben\u00f6tigt. Die Ersatzperson kommt nach...","protected":false},"author":2,"featured_media":0,"parent":7361,"menu_order":10,"comment_status":"closed","ping_status":"closed","template":"","meta":{"_acf_changed":false,"footnotes":""},"class_list":["post-7366","page","type-page","status-publish","hentry"],"acf":[],"yoast_head":"<!-- This site is optimized with the Yoast SEO plugin v26.5 - https:\/\/yoast.com\/wordpress\/plugins\/seo\/ -->\n<title>Familienentlastender Dienst - Stiftung Ecksberg<\/title>\n<meta name=\"robots\" content=\"index, follow, max-snippet:-1, max-image-preview:large, max-video-preview:-1\" \/>\n<link rel=\"canonical\" href=\"https:\/\/www.ecksberg.de\/beratung-begegnung\/offene-und-ambulante-angebote\/familienentlastender-dienst\/\" \/>\n<meta property=\"og:locale\" content=\"en_US\" \/>\n<meta property=\"og:type\" content=\"article\" \/>\n<meta property=\"og:title\" content=\"Familienentlastender Dienst - Stiftung Ecksberg\" \/>\n<meta property=\"og:url\" content=\"https:\/\/www.ecksberg.de\/beratung-begegnung\/offene-und-ambulante-angebote\/familienentlastender-dienst\/\" \/>\n<meta property=\"og:site_name\" content=\"Stiftung Ecksberg\" \/>\n<meta property=\"article:modified_time\" content=\"2025-08-29T10:33:21+00:00\" \/>\n<meta property=\"og:image\" content=\"http:\/\/www.ecksberg.de\/media\/Altenpflegerin_54_07-1-300x206.jpg\" \/>\n<meta name=\"twitter:card\" content=\"summary_large_image\" \/>\n<meta name=\"twitter:label1\" content=\"Est. reading time\" \/>\n\t<meta name=\"twitter:data1\" content=\"1 minute\" \/>\n<script type=\"application\/ld+json\" class=\"yoast-schema-graph\">{\"@context\":\"https:\/\/schema.org\",\"@graph\":[{\"@type\":\"WebPage\",\"@id\":\"https:\/\/www.ecksberg.de\/beratung-begegnung\/offene-und-ambulante-angebote\/familienentlastender-dienst\/\",\"url\":\"https:\/\/www.ecksberg.de\/beratung-begegnung\/offene-und-ambulante-angebote\/familienentlastender-dienst\/\",\"name\":\"Familienentlastender Dienst - Stiftung Ecksberg\",\"isPartOf\":{\"@id\":\"https:\/\/www.ecksberg.de\/es\/#website\"},\"primaryImageOfPage\":{\"@id\":\"https:\/\/www.ecksberg.de\/beratung-begegnung\/offene-und-ambulante-angebote\/familienentlastender-dienst\/#primaryimage\"},\"image\":{\"@id\":\"https:\/\/www.ecksberg.de\/beratung-begegnung\/offene-und-ambulante-angebote\/familienentlastender-dienst\/#primaryimage\"},\"thumbnailUrl\":\"http:\/\/www.ecksberg.de\/media\/Altenpflegerin_54_07-1-300x206.jpg\",\"datePublished\":\"2016-09-13T08:48:30+00:00\",\"dateModified\":\"2025-08-29T10:33:21+00:00\",\"breadcrumb\":{\"@id\":\"https:\/\/www.ecksberg.de\/beratung-begegnung\/offene-und-ambulante-angebote\/familienentlastender-dienst\/#breadcrumb\"},\"inLanguage\":\"eisp\",\"potentialAction\":[{\"@type\":\"ReadAction\",\"target\":[\"https:\/\/www.ecksberg.de\/beratung-begegnung\/offene-und-ambulante-angebote\/familienentlastender-dienst\/\"]}]},{\"@type\":\"ImageObject\",\"inLanguage\":\"eisp\",\"@id\":\"https:\/\/www.ecksberg.de\/beratung-begegnung\/offene-und-ambulante-angebote\/familienentlastender-dienst\/#primaryimage\",\"url\":\"http:\/\/www.ecksberg.de\/media\/Altenpflegerin_54_07-1-300x206.jpg\",\"contentUrl\":\"http:\/\/www.ecksberg.de\/media\/Altenpflegerin_54_07-1-300x206.jpg\"},{\"@type\":\"BreadcrumbList\",\"@id\":\"https:\/\/www.ecksberg.de\/beratung-begegnung\/offene-und-ambulante-angebote\/familienentlastender-dienst\/#breadcrumb\",\"itemListElement\":[{\"@type\":\"ListItem\",\"position\":1,\"name\":\"Home\",\"item\":\"https:\/\/www.ecksberg.de\/es\/\"},{\"@type\":\"ListItem\",\"position\":2,\"name\":\"Beratung &#038; Begegnung\",\"item\":\"https:\/\/www.ecksberg.de\/beratung-begegnung\/\"},{\"@type\":\"ListItem\",\"position\":3,\"name\":\"Offene und ambulante Angebote\",\"item\":\"https:\/\/www.ecksberg.de\/beratung-begegnung\/offene-und-ambulante-angebote\/\"},{\"@type\":\"ListItem\",\"position\":4,\"name\":\"Familienentlastender Dienst\"}]},{\"@type\":\"WebSite\",\"@id\":\"https:\/\/www.ecksberg.de\/es\/#website\",\"url\":\"https:\/\/www.ecksberg.de\/es\/\",\"name\":\"Stiftung Ecksberg\",\"description\":\"Tr\u00e4ger sozialer Einrichtungen und Dienste\",\"potentialAction\":[{\"@type\":\"SearchAction\",\"target\":{\"@type\":\"EntryPoint\",\"urlTemplate\":\"https:\/\/www.ecksberg.de\/es\/?s={search_term_string}\"},\"query-input\":{\"@type\":\"PropertyValueSpecification\",\"valueRequired\":true,\"valueName\":\"search_term_string\"}}],\"inLanguage\":\"eisp\"}]}<\/script>\n<!-- \/ Yoast SEO plugin. -->","yoast_head_json":{"title":"Familienentlastender Dienst - Stiftung Ecksberg","robots":{"index":"index","follow":"follow","max-snippet":"max-snippet:-1","max-image-preview":"max-image-preview:large","max-video-preview":"max-video-preview:-1"},"canonical":"https:\/\/www.ecksberg.de\/beratung-begegnung\/offene-und-ambulante-angebote\/familienentlastender-dienst\/","og_locale":"en_US","og_type":"article","og_title":"Familienentlastender Dienst - Stiftung Ecksberg","og_url":"https:\/\/www.ecksberg.de\/beratung-begegnung\/offene-und-ambulante-angebote\/familienentlastender-dienst\/","og_site_name":"Stiftung Ecksberg","article_modified_time":"2025-08-29T10:33:21+00:00","og_image":[{"url":"http:\/\/www.ecksberg.de\/media\/Altenpflegerin_54_07-1-300x206.jpg","type":"","width":"","height":""}],"twitter_card":"summary_large_image","twitter_misc":{"Est. reading time":"1 minute"},"schema":{"@context":"https:\/\/schema.org","@graph":[{"@type":"WebPage","@id":"https:\/\/www.ecksberg.de\/beratung-begegnung\/offene-und-ambulante-angebote\/familienentlastender-dienst\/","url":"https:\/\/www.ecksberg.de\/beratung-begegnung\/offene-und-ambulante-angebote\/familienentlastender-dienst\/","name":"Familienentlastender Dienst - Stiftung Ecksberg","isPartOf":{"@id":"https:\/\/www.ecksberg.de\/es\/#website"},"primaryImageOfPage":{"@id":"https:\/\/www.ecksberg.de\/beratung-begegnung\/offene-und-ambulante-angebote\/familienentlastender-dienst\/#primaryimage"},"image":{"@id":"https:\/\/www.ecksberg.de\/beratung-begegnung\/offene-und-ambulante-angebote\/familienentlastender-dienst\/#primaryimage"},"thumbnailUrl":"http:\/\/www.ecksberg.de\/media\/Altenpflegerin_54_07-1-300x206.jpg","datePublished":"2016-09-13T08:48:30+00:00","dateModified":"2025-08-29T10:33:21+00:00","breadcrumb":{"@id":"https:\/\/www.ecksberg.de\/beratung-begegnung\/offene-und-ambulante-angebote\/familienentlastender-dienst\/#breadcrumb"},"inLanguage":"eisp","potentialAction":[{"@type":"ReadAction","target":["https:\/\/www.ecksberg.de\/beratung-begegnung\/offene-und-ambulante-angebote\/familienentlastender-dienst\/"]}]},{"@type":"ImageObject","inLanguage":"eisp","@id":"https:\/\/www.ecksberg.de\/beratung-begegnung\/offene-und-ambulante-angebote\/familienentlastender-dienst\/#primaryimage","url":"http:\/\/www.ecksberg.de\/media\/Altenpflegerin_54_07-1-300x206.jpg","contentUrl":"http:\/\/www.ecksberg.de\/media\/Altenpflegerin_54_07-1-300x206.jpg"},{"@type":"BreadcrumbList","@id":"https:\/\/www.ecksberg.de\/beratung-begegnung\/offene-und-ambulante-angebote\/familienentlastender-dienst\/#breadcrumb","itemListElement":[{"@type":"ListItem","position":1,"name":"Home","item":"https:\/\/www.ecksberg.de\/es\/"},{"@type":"ListItem","position":2,"name":"Beratung &#038; Begegnung","item":"https:\/\/www.ecksberg.de\/beratung-begegnung\/"},{"@type":"ListItem","position":3,"name":"Offene und ambulante Angebote","item":"https:\/\/www.ecksberg.de\/beratung-begegnung\/offene-und-ambulante-angebote\/"},{"@type":"ListItem","position":4,"name":"Familienentlastender Dienst"}]},{"@type":"WebSite","@id":"https:\/\/www.ecksberg.de\/es\/#website","url":"https:\/\/www.ecksberg.de\/es\/","name":"Stiftung Ecksberg","description":"Tr\u00e4ger sozialer Einrichtungen und Dienste","potentialAction":[{"@type":"SearchAction","target":{"@type":"EntryPoint","urlTemplate":"https:\/\/www.ecksberg.de\/es\/?s={search_term_string}"},"query-input":{"@type":"PropertyValueSpecification","valueRequired":true,"valueName":"search_term_string"}}],"inLanguage":"eisp"}]}},"publishpress_future_action":{"enabled":false,"date":"2026-04-21 11:11:24","action":"change-status","newStatus":"draft","terms":[],"taxonomy":"translation_priority","extraData":[]},"publishpress_future_workflow_manual_trigger":{"enabledWorkflows":[]},"_links":{"self":[{"href":"https:\/\/www.ecksberg.de\/es\/wp-json\/wp\/v2\/pages\/7366","targetHints":{"allow":["GET"]}}],"collection":[{"href":"https:\/\/www.ecksberg.de\/es\/wp-json\/wp\/v2\/pages"}],"about":[{"href":"https:\/\/www.ecksberg.de\/es\/wp-json\/wp\/v2\/types\/page"}],"author":[{"embeddable":true,"href":"https:\/\/www.ecksberg.de\/es\/wp-json\/wp\/v2\/users\/2"}],"replies":[{"embeddable":true,"href":"https:\/\/www.ecksberg.de\/es\/wp-json\/wp\/v2\/comments?post=7366"}],"version-history":[{"count":24,"href":"https:\/\/www.ecksberg.de\/es\/wp-json\/wp\/v2\/pages\/7366\/revisions"}],"predecessor-version":[{"id":27732,"href":"https:\/\/www.ecksberg.de\/es\/wp-json\/wp\/v2\/pages\/7366\/revisions\/27732"}],"up":[{"embeddable":true,"href":"https:\/\/www.ecksberg.de\/es\/wp-json\/wp\/v2\/pages\/7361"}],"wp:attachment":[{"href":"https:\/\/www.ecksberg.de\/es\/wp-json\/wp\/v2\/media?parent=7366"}],"curies":[{"name":"wp","href":"https:\/\/api.w.org\/{rel}","templated":true}]}}